{"id":1212,"date":"2020-12-19T10:52:32","date_gmt":"2020-12-19T10:52:32","guid":{"rendered":"https:\/\/pandrim.md\/?page_id=1212"},"modified":"2024-06-04T14:45:19","modified_gmt":"2024-06-04T14:45:19","slug":"contacts","status":"publish","type":"page","link":"https:\/\/pandrim.md\/en\/contacts\/","title":{"rendered":"Contacts"},"content":{"rendered":"<div class=\"wpb-content-wrapper\"><p>[vc_row wrap_container=&#8221;yes&#8221; el_class=&#8221;my-5&#8243; conditional_render=&#8221;%5B%7B%22value_role%22%3A%22administrator%22%7D%5D&#8221; css=&#8221;.vc_custom_1716903252562{padding-top: 18px !important;padding-bottom: 17px !important;}&#8221; animation_type=&#8221;fadeInDown&#8221;][vc_column el_class=&#8221;mb-5 mb-lg-0&#8243; offset=&#8221;vc_col-md-6&#8243;][vc_custom_heading text=&#8221;SC &#8220;PANDRIM&#8220; SRL&#8221; font_container=&#8221;tag:p|font_size:2.3em|text_align:left|color:var(&#8211;porto-primary-color)|line_height:1.3&#8243; use_theme_fonts=&#8221;yes&#8221; css=&#8221;.vc_custom_1716884449370{margin-top: 6px !important;}&#8221; el_class=&#8221;m-b-lg&#8221;]<div class=\"porto-sicon-box  vc_custom_1717511925466 ps-3  wpb_custom_bf8d0e714ac1f7ab1fb51e2868e935d0 style_1 left-icon\"><div class=\"porto-sicon-left\"><div class=\"porto-just-icon-wrapper porto-icon none\" data-appear-animation=\"fadeIn\" style=\"color:var(--porto-secondary-color);font-size:43px;\"><i class=\"porto-icon-map-location\"><\/i><\/div><\/div><div class=\"porto-sicon-body\"><div class=\"porto-sicon-header\"><h3 class=\"porto-sicon-title\" style=\"margin-bottom:-1px;\">Address<\/h3><\/div> <!-- header --><div class=\"porto-sicon-description\" style=\"\">\n<div class=\"d-flex flex-column flex-sm-row\">\n<ul class=\"list list-unstyled pe-5 mb-md-0\">\n<li class=\"mb-0\" style=\"font-size: 1.15em; line-height: 24px;\">Podgorenilor 91A street, MD-2059, Chisinau, Republic of Moldova<\/li>\n<\/ul>\n<\/div>\n<p><\/div> <!-- description --><\/div><\/div><!-- porto-sicon-box --><div class=\"porto-sicon-box  vc_custom_1717511939725 ps-3  wpb_custom_134b7539c8c605d214da6265ab1286bc style_1 left-icon\"><div class=\"porto-sicon-left\"><div class=\"porto-just-icon-wrapper porto-icon none\" data-appear-animation=\"fadeIn\" style=\"color:var(--porto-secondary-color);font-size:43px;\"><i class=\"porto-icon-tablet\"><\/i><\/div><\/div><div class=\"porto-sicon-body\"><div class=\"porto-sicon-header\"><h3 class=\"porto-sicon-title\" style=\"margin-bottom:-5px;\">Phones<\/h3><\/div> <!-- header --><div class=\"porto-sicon-description\" style=\"color:var(--porto-primary-color);\">\n<div class=\"d-flex flex-column flex-sm-row\">\n<ul class=\"list list-unstyled pe-5 mb-md-0\">\n<li class=\"mb-0\" style=\"font-size: 1.15em; line-height: 24px;\"><a class=\"text-color-hover-primary text-decoration-none\" href=\"tel:+37322462802\">(+373 22)46-28-02<\/a><\/li>\n<li class=\"mb-0\" style=\"font-size: 1.15em; line-height: 24px;\"><a class=\"text-color-hover-primary text-decoration-none\" href=\"tel:+37369112433\">(+373)691 124 33<\/a><\/li>\n<\/ul>\n<\/div>\n<p><\/div> <!-- description --><\/div><\/div><!-- porto-sicon-box --><div class=\"porto-sicon-box  vc_custom_1717508102664 ps-3  wpb_custom_3f98e7dd70d8c5d213f46a8e13b7aa72 style_1 left-icon\"><div class=\"porto-sicon-left\"><div class=\"porto-just-icon-wrapper porto-icon none\" data-appear-animation=\"fadeIn\" style=\"color:var(--porto-secondary-color);font-size:43px;\"><i class=\"porto-icon-envelope\"><\/i><\/div><\/div><div class=\"porto-sicon-body\"><div class=\"porto-sicon-header\"><h3 class=\"porto-sicon-title\" style=\"margin-bottom:-4px;\">E-mail<\/h3><\/div> <!-- header --><div class=\"porto-sicon-description\" style=\"\">\n<ul class=\"list list-unstyled pe-5 mb-0\">\n<li style=\"list-style-type: none;\">\n<ul class=\"list list-unstyled pe-5 mb-0\">\n<li class=\"mb-0\" style=\"line-height: 24px; font-size: 1.15em;\"><a class=\"text-color-hover-primary text-decoration-none\" href=\"mailto:pandrim.srl@gmail.com\">pandrim.srl@gmail.com<\/a><\/li>\n<li style=\"list-style-type: none;\">\n<ul class=\"list list-unstyled pe-5 mb-0\">\n<li class=\"mb-0\" style=\"line-height: 24px; font-size: 1.15em;\"><a class=\"text-color-hover-primary text-decoration-none\" href=\"mailto:info@pandrim.md\">info@pandrim.md<\/a><\/li>\n<\/ul>\n<\/li>\n<\/ul>\n<p>&nbsp;<\/div> <!-- description --><\/div><\/div><!-- porto-sicon-box -->[\/vc_column][vc_column offset=&#8221;vc_col-md-6&#8243;][vc_custom_heading text=&#8221;Send us a message&#8221; font_container=&#8221;tag:p|font_size:2em|text_align:left|line_height:1.3&#8243; use_theme_fonts=&#8221;yes&#8221; css=&#8221;.vc_custom_1717511875667{margin-top: 6px !important;}&#8221; el_class=&#8221;mb-4 pb-2&#8243;]<div class=\"wpb_custom_98c156a54b2849cddf02ecac56665e7e\">\n<div class=\"wpcf7 no-js\" id=\"wpcf7-f1286-o1\" lang=\"en-US\" dir=\"ltr\">\n<div class=\"screen-reader-response\"><p role=\"status\" aria-live=\"polite\" aria-atomic=\"true\"><\/p> <ul><\/ul><\/div>\n<form action=\"\/en\/wp-json\/wp\/v2\/pages\/1212#wpcf7-f1286-o1\" method=\"post\" class=\"wpcf7-form init\" aria-label=\"Contact form\" novalidate=\"novalidate\" data-status=\"init\">\n<div style=\"display: none;\">\n<input type=\"hidden\" name=\"_wpcf7\" value=\"1286\" \/>\n<input type=\"hidden\" name=\"_wpcf7_version\" value=\"5.9.5\" \/>\n<input type=\"hidden\" name=\"_wpcf7_locale\" value=\"en_US\" \/>\n<input type=\"hidden\" name=\"_wpcf7_unit_tag\" value=\"wpcf7-f1286-o1\" \/>\n<input type=\"hidden\" name=\"_wpcf7_container_post\" value=\"0\" \/>\n<input type=\"hidden\" name=\"_wpcf7_posted_data_hash\" value=\"\" \/>\n<\/div>\n<div class=\"form-group mb-3\">\n\t<span class=\"wpcf7-form-control-wrap\" data-name=\"your-name\"><input size=\"40\" class=\"wpcf7-form-control wpcf7-text wpcf7-validates-as-required form-control\" aria-required=\"true\" aria-invalid=\"false\" placeholder=\"Name\" value=\"\" type=\"text\" name=\"your-name\" \/><\/span>\n<\/div>\n<div class=\"form-group mb-3\">\n\t<span class=\"wpcf7-form-control-wrap\" data-name=\"your-phone\"><input size=\"40\" class=\"wpcf7-form-control wpcf7-text wpcf7-validates-as-required form-control\" aria-required=\"true\" aria-invalid=\"false\" placeholder=\"Phone\" value=\"\" type=\"text\" name=\"your-phone\" \/><\/span>\n<\/div>\n<div class=\"form-group mb-3\">\n\t<span class=\"wpcf7-form-control-wrap\" data-name=\"your-email\"><input size=\"40\" class=\"wpcf7-form-control wpcf7-email wpcf7-validates-as-required wpcf7-text wpcf7-validates-as-email form-control\" aria-required=\"true\" aria-invalid=\"false\" placeholder=\"E-mail\" value=\"\" type=\"email\" name=\"your-email\" \/><\/span>\n<\/div>\n<div class=\"form-group mb-3\">\n\t<span class=\"wpcf7-form-control-wrap\" data-name=\"your-message\"><textarea cols=\"40\" rows=\"5\" class=\"wpcf7-form-control wpcf7-textarea wpcf7-validates-as-required form-control\" aria-required=\"true\" aria-invalid=\"false\" placeholder=\"Message\" name=\"your-message\"><\/textarea><\/span>\n<\/div>\n<div class=\"form-group btn-triangle\">\n    <button type=\"submit\" class=\"btn btn-primary btn-modern btn-lg\">Send<\/button>\n<\/div><div class=\"wpcf7-response-output\" aria-hidden=\"true\"><\/div>\n<\/form>\n<\/div>\n<\/div>[\/vc_column][\/vc_row][vc_row no_padding=&#8221;yes&#8221; animation_type=&#8221;fadeInDown&#8221; conditional_render=&#8221;%5B%7B%22value_role%22%3A%22administrator%22%7D%5D&#8221;][vc_column][vc_raw_html css=&#8221;&#8221;]JTNDaWZyYW1lJTIwd2lkdGglM0QxMDAlMjUlMjBoZWlnaHQlM0Q1NTAlMjBmcmFtZWJvcmRlciUzRCUyMjAlMjIlMjBzcmMlM0QlMjJodHRwcyUzQSUyRiUyRm1hcC5tZCUyRnJ1JTJGc3RyZWV0JTJGMjg3MjI5MjI1JTNGbnVtYmVyJTNEOTFhJTI2dmlld1R5cGUlM0RzYXRlbGl0ZVN0eWxlJTI2ZW1iZWQlM0QxJTIzMTUuOSUyRjQ3LjA1NDA0NzcxNTUzNjIlMkYyOC44MzUwNjg4MjExMTA4NjYlMkYwJTJGMCUyMiUzRSUyMCUzQyUyRmlmcmFtZSUzRQ==[\/vc_raw_html][\/vc_column][\/vc_row]<\/p>\n<\/div>","protected":false},"excerpt":{"rendered":"<p>[vc_row wrap_container=&#8221;yes&#8221; el_class=&#8221;my-5&#8243; conditional_render=&#8221;%5B%7B%22value_role%22%3A%22administrator%22%7D%5D&#8221; css=&#8221;.vc_custom_1716903252562{padding-top: 18px !important;padding-bottom: 17px !important;}&#8221; animation_type=&#8221;fadeInDown&#8221;][vc_column el_class=&#8221;mb-5 mb-lg-0&#8243; offset=&#8221;vc_col-md-6&#8243;][vc_custom_heading text=&#8221;SC &#8220;PANDRIM&#8220; SRL&#8221; font_container=&#8221;tag:p|font_size:2.3em|text_align:left|color:var(&#8211;porto-primary-color)|line_height:1.3&#8243; use_theme_fonts=&#8221;yes&#8221; css=&#8221;.vc_custom_1716884449370{margin-top: 6px !important;}&#8221; el_class=&#8221;m-b-lg&#8221;][\/vc_column][vc_column offset=&#8221;vc_col-md-6&#8243;][vc_custom_heading text=&#8221;Send us a message&#8221; font_container=&#8221;tag:p|font_size:2em|text_align:left|line_height:1.3&#8243; use_theme_fonts=&#8221;yes&#8221; css=&#8221;.vc_custom_1717511875667{margin-top: 6px !important;}&#8221; el_class=&#8221;mb-4 pb-2&#8243;][\/vc_column][\/vc_row][vc_row no_padding=&#8221;yes&#8221; animation_type=&#8221;fadeInDown&#8221; conditional_render=&#8221;%5B%7B%22value_role%22%3A%22administrator%22%7D%5D&#8221;][vc_column][vc_raw_html css=&#8221;&#8221;]JTNDaWZyYW1lJTIwd2lkdGglM0QxMDAlMjUlMjBoZWlnaHQlM0Q1NTAlMjBmcmFtZWJvcmRlciUzRCUyMjAlMjIlMjBzcmMlM0QlMjJodHRwcyUzQSUyRiUyRm1hcC5tZCUyRnJ1JTJGc3RyZWV0JTJGMjg3MjI5MjI1JTNGbnVtYmVyJTNEOTFhJTI2dmlld1R5cGUlM0RzYXRlbGl0ZVN0eWxlJTI2ZW1iZWQlM0QxJTIzMTUuOSUyRjQ3LjA1NDA0NzcxNTUzNjIlMkYyOC44MzUwNjg4MjExMTA4NjYlMkYwJTJGMCUyMiUzRSUyMCUzQyUyRmlmcmFtZSUzRQ==[\/vc_raw_html][\/vc_column][\/vc_row]<\/p>\n","protected":false},"author":1,"featured_media":0,"parent":0,"menu_order":0,"comment_status":"closed","ping_status":"closed","template":"","meta":{"footnotes":""},"class_list":["post-1212","page","type-page","status-publish","hentry"],"yoast_head":"<!-- This site is optimized with the Yoast SEO plugin v22.8 - https:\/\/yoast.com\/wordpress\/plugins\/seo\/ -->\n<title>Contacts - Pandrim<\/title>\n<meta name=\"robots\" content=\"index, follow, max-snippet:-1, max-image-preview:large, max-video-preview:-1\" \/>\n<link rel=\"canonical\" href=\"https:\/\/pandrim.md\/en\/contacts\/\" \/>\n<meta property=\"og:locale\" content=\"en_US\" \/>\n<meta property=\"og:type\" content=\"article\" \/>\n<meta property=\"og:title\" content=\"Contacts - Pandrim\" \/>\n<meta property=\"og:description\" content=\"[vc_row wrap_container=&#8221;yes&#8221; el_class=&#8221;my-5&#8243; conditional_render=&#8221;%5B%7B%22value_role%22%3A%22administrator%22%7D%5D&#8221; css=&#8221;.vc_custom_1716903252562{padding-top: 18px !important;padding-bottom: 17px !important;}&#8221; animation_type=&#8221;fadeInDown&#8221;][vc_column el_class=&#8221;mb-5 mb-lg-0&#8243; offset=&#8221;vc_col-md-6&#8243;][vc_custom_heading text=&#8221;SC &#8220;PANDRIM&#8220; SRL&#8221; font_container=&#8221;tag:p|font_size:2.3em|text_align:left|color:var(&#8211;porto-primary-color)|line_height:1.3&#8243; use_theme_fonts=&#8221;yes&#8221; css=&#8221;.vc_custom_1716884449370{margin-top: 6px !important;}&#8221; el_class=&#8221;m-b-lg&#8221;][\/vc_column][vc_column offset=&#8221;vc_col-md-6&#8243;][vc_custom_heading text=&#8221;Send us a message&#8221; font_container=&#8221;tag:p|font_size:2em|text_align:left|line_height:1.3&#8243; use_theme_fonts=&#8221;yes&#8221; css=&#8221;.vc_custom_1717511875667{margin-top: 6px !important;}&#8221; el_class=&#8221;mb-4 pb-2&#8243;][\/vc_column][\/vc_row][vc_row no_padding=&#8221;yes&#8221; animation_type=&#8221;fadeInDown&#8221; conditional_render=&#8221;%5B%7B%22value_role%22%3A%22administrator%22%7D%5D&#8221;][vc_column][vc_raw_html css=&#8221;&#8221;]JTNDaWZyYW1lJTIwd2lkdGglM0QxMDAlMjUlMjBoZWlnaHQlM0Q1NTAlMjBmcmFtZWJvcmRlciUzRCUyMjAlMjIlMjBzcmMlM0QlMjJodHRwcyUzQSUyRiUyRm1hcC5tZCUyRnJ1JTJGc3RyZWV0JTJGMjg3MjI5MjI1JTNGbnVtYmVyJTNEOTFhJTI2dmlld1R5cGUlM0RzYXRlbGl0ZVN0eWxlJTI2ZW1iZWQlM0QxJTIzMTUuOSUyRjQ3LjA1NDA0NzcxNTUzNjIlMkYyOC44MzUwNjg4MjExMTA4NjYlMkYwJTJGMCUyMiUzRSUyMCUzQyUyRmlmcmFtZSUzRQ==[\/vc_raw_html][\/vc_column][\/vc_row]\" \/>\n<meta property=\"og:url\" content=\"https:\/\/pandrim.md\/en\/contacts\/\" \/>\n<meta property=\"og:site_name\" content=\"Pandrim\" \/>\n<meta property=\"article:publisher\" content=\"https:\/\/www.facebook.com\/pandrimsrl\" \/>\n<meta property=\"article:modified_time\" content=\"2024-06-04T14:45:19+00:00\" \/>\n<meta name=\"twitter:card\" content=\"summary_large_image\" \/>\n<meta name=\"twitter:label1\" content=\"Est. reading time\" \/>\n\t<meta name=\"twitter:data1\" content=\"1 minute\" \/>\n<script type=\"application\/ld+json\" class=\"yoast-schema-graph\">{\"@context\":\"https:\/\/schema.org\",\"@graph\":[{\"@type\":\"WebPage\",\"@id\":\"https:\/\/pandrim.md\/en\/contacts\/\",\"url\":\"https:\/\/pandrim.md\/en\/contacts\/\",\"name\":\"Contacts - Pandrim\",\"isPartOf\":{\"@id\":\"https:\/\/pandrim.md\/#website\"},\"datePublished\":\"2020-12-19T10:52:32+00:00\",\"dateModified\":\"2024-06-04T14:45:19+00:00\",\"breadcrumb\":{\"@id\":\"https:\/\/pandrim.md\/en\/contacts\/#breadcrumb\"},\"inLanguage\":\"en-US\",\"potentialAction\":[{\"@type\":\"ReadAction\",\"target\":[\"https:\/\/pandrim.md\/en\/contacts\/\"]}]},{\"@type\":\"BreadcrumbList\",\"@id\":\"https:\/\/pandrim.md\/en\/contacts\/#breadcrumb\",\"itemListElement\":[{\"@type\":\"ListItem\",\"position\":1,\"name\":\"Prima pagin\u0103\",\"item\":\"https:\/\/pandrim.md\/en\/\"},{\"@type\":\"ListItem\",\"position\":2,\"name\":\"Contacts\"}]},{\"@type\":\"WebSite\",\"@id\":\"https:\/\/pandrim.md\/#website\",\"url\":\"https:\/\/pandrim.md\/\",\"name\":\"Pandrim, Injectare sub presiune, m\u0103cinare, granulare \u015fi reciclare a masei plastice\",\"description\":\"Injectare sub presiune, m\u0103cinare, granulare \u015fi reciclare a masei plastice\",\"publisher\":{\"@id\":\"https:\/\/pandrim.md\/#organization\"},\"potentialAction\":[{\"@type\":\"SearchAction\",\"target\":{\"@type\":\"EntryPoint\",\"urlTemplate\":\"https:\/\/pandrim.md\/?s={search_term_string}\"},\"query-input\":\"required name=search_term_string\"}],\"inLanguage\":\"en-US\"},{\"@type\":\"Organization\",\"@id\":\"https:\/\/pandrim.md\/#organization\",\"name\":\"Pandrim\",\"url\":\"https:\/\/pandrim.md\/\",\"logo\":{\"@type\":\"ImageObject\",\"inLanguage\":\"en-US\",\"@id\":\"https:\/\/pandrim.md\/#\/schema\/logo\/image\/\",\"url\":\"https:\/\/pandrim.md\/wp-content\/uploads\/2020\/12\/pandrim_logo.png\",\"contentUrl\":\"https:\/\/pandrim.md\/wp-content\/uploads\/2020\/12\/pandrim_logo.png\",\"width\":300,\"height\":103,\"caption\":\"Pandrim\"},\"image\":{\"@id\":\"https:\/\/pandrim.md\/#\/schema\/logo\/image\/\"},\"sameAs\":[\"https:\/\/www.facebook.com\/pandrimsrl\"]}]}<\/script>\n<!-- \/ Yoast SEO plugin. -->","yoast_head_json":{"title":"Contacts - Pandrim","robots":{"index":"index","follow":"follow","max-snippet":"max-snippet:-1","max-image-preview":"max-image-preview:large","max-video-preview":"max-video-preview:-1"},"canonical":"https:\/\/pandrim.md\/en\/contacts\/","og_locale":"en_US","og_type":"article","og_title":"Contacts - Pandrim","og_description":"[vc_row wrap_container=&#8221;yes&#8221; el_class=&#8221;my-5&#8243; conditional_render=&#8221;%5B%7B%22value_role%22%3A%22administrator%22%7D%5D&#8221; css=&#8221;.vc_custom_1716903252562{padding-top: 18px !important;padding-bottom: 17px !important;}&#8221; animation_type=&#8221;fadeInDown&#8221;][vc_column el_class=&#8221;mb-5 mb-lg-0&#8243; offset=&#8221;vc_col-md-6&#8243;][vc_custom_heading text=&#8221;SC &#8220;PANDRIM&#8220; SRL&#8221; font_container=&#8221;tag:p|font_size:2.3em|text_align:left|color:var(&#8211;porto-primary-color)|line_height:1.3&#8243; use_theme_fonts=&#8221;yes&#8221; css=&#8221;.vc_custom_1716884449370{margin-top: 6px !important;}&#8221; el_class=&#8221;m-b-lg&#8221;][\/vc_column][vc_column offset=&#8221;vc_col-md-6&#8243;][vc_custom_heading text=&#8221;Send us a message&#8221; font_container=&#8221;tag:p|font_size:2em|text_align:left|line_height:1.3&#8243; use_theme_fonts=&#8221;yes&#8221; css=&#8221;.vc_custom_1717511875667{margin-top: 6px !important;}&#8221; el_class=&#8221;mb-4 pb-2&#8243;][\/vc_column][\/vc_row][vc_row no_padding=&#8221;yes&#8221; animation_type=&#8221;fadeInDown&#8221; conditional_render=&#8221;%5B%7B%22value_role%22%3A%22administrator%22%7D%5D&#8221;][vc_column][vc_raw_html css=&#8221;&#8221;]JTNDaWZyYW1lJTIwd2lkdGglM0QxMDAlMjUlMjBoZWlnaHQlM0Q1NTAlMjBmcmFtZWJvcmRlciUzRCUyMjAlMjIlMjBzcmMlM0QlMjJodHRwcyUzQSUyRiUyRm1hcC5tZCUyRnJ1JTJGc3RyZWV0JTJGMjg3MjI5MjI1JTNGbnVtYmVyJTNEOTFhJTI2dmlld1R5cGUlM0RzYXRlbGl0ZVN0eWxlJTI2ZW1iZWQlM0QxJTIzMTUuOSUyRjQ3LjA1NDA0NzcxNTUzNjIlMkYyOC44MzUwNjg4MjExMTA4NjYlMkYwJTJGMCUyMiUzRSUyMCUzQyUyRmlmcmFtZSUzRQ==[\/vc_raw_html][\/vc_column][\/vc_row]","og_url":"https:\/\/pandrim.md\/en\/contacts\/","og_site_name":"Pandrim","article_publisher":"https:\/\/www.facebook.com\/pandrimsrl","article_modified_time":"2024-06-04T14:45:19+00:00","twitter_card":"summary_large_image","twitter_misc":{"Est. reading time":"1 minute"},"schema":{"@context":"https:\/\/schema.org","@graph":[{"@type":"WebPage","@id":"https:\/\/pandrim.md\/en\/contacts\/","url":"https:\/\/pandrim.md\/en\/contacts\/","name":"Contacts - Pandrim","isPartOf":{"@id":"https:\/\/pandrim.md\/#website"},"datePublished":"2020-12-19T10:52:32+00:00","dateModified":"2024-06-04T14:45:19+00:00","breadcrumb":{"@id":"https:\/\/pandrim.md\/en\/contacts\/#breadcrumb"},"inLanguage":"en-US","potentialAction":[{"@type":"ReadAction","target":["https:\/\/pandrim.md\/en\/contacts\/"]}]},{"@type":"BreadcrumbList","@id":"https:\/\/pandrim.md\/en\/contacts\/#breadcrumb","itemListElement":[{"@type":"ListItem","position":1,"name":"Prima pagin\u0103","item":"https:\/\/pandrim.md\/en\/"},{"@type":"ListItem","position":2,"name":"Contacts"}]},{"@type":"WebSite","@id":"https:\/\/pandrim.md\/#website","url":"https:\/\/pandrim.md\/","name":"Pandrim, Injectare sub presiune, m\u0103cinare, granulare \u015fi reciclare a masei plastice","description":"Injectare sub presiune, m\u0103cinare, granulare \u015fi reciclare a masei plastice","publisher":{"@id":"https:\/\/pandrim.md\/#organization"},"potentialAction":[{"@type":"SearchAction","target":{"@type":"EntryPoint","urlTemplate":"https:\/\/pandrim.md\/?s={search_term_string}"},"query-input":"required name=search_term_string"}],"inLanguage":"en-US"},{"@type":"Organization","@id":"https:\/\/pandrim.md\/#organization","name":"Pandrim","url":"https:\/\/pandrim.md\/","logo":{"@type":"ImageObject","inLanguage":"en-US","@id":"https:\/\/pandrim.md\/#\/schema\/logo\/image\/","url":"https:\/\/pandrim.md\/wp-content\/uploads\/2020\/12\/pandrim_logo.png","contentUrl":"https:\/\/pandrim.md\/wp-content\/uploads\/2020\/12\/pandrim_logo.png","width":300,"height":103,"caption":"Pandrim"},"image":{"@id":"https:\/\/pandrim.md\/#\/schema\/logo\/image\/"},"sameAs":["https:\/\/www.facebook.com\/pandrimsrl"]}]}},"_links":{"self":[{"href":"https:\/\/pandrim.md\/en\/wp-json\/wp\/v2\/pages\/1212","targetHints":{"allow":["GET"]}}],"collection":[{"href":"https:\/\/pandrim.md\/en\/wp-json\/wp\/v2\/pages"}],"about":[{"href":"https:\/\/pandrim.md\/en\/wp-json\/wp\/v2\/types\/page"}],"author":[{"embeddable":true,"href":"https:\/\/pandrim.md\/en\/wp-json\/wp\/v2\/users\/1"}],"replies":[{"embeddable":true,"href":"https:\/\/pandrim.md\/en\/wp-json\/wp\/v2\/comments?post=1212"}],"version-history":[{"count":4,"href":"https:\/\/pandrim.md\/en\/wp-json\/wp\/v2\/pages\/1212\/revisions"}],"predecessor-version":[{"id":1287,"href":"https:\/\/pandrim.md\/en\/wp-json\/wp\/v2\/pages\/1212\/revisions\/1287"}],"wp:attachment":[{"href":"https:\/\/pandrim.md\/en\/wp-json\/wp\/v2\/media?parent=1212"}],"curies":[{"name":"wp","href":"https:\/\/api.w.org\/{rel}","templated":true}]}}