{"id":1218,"date":"2024-05-22T15:10:56","date_gmt":"2024-05-22T15:10:56","guid":{"rendered":"https:\/\/pandrim.md\/?page_id=1218"},"modified":"2024-06-06T12:17:33","modified_gmt":"2024-06-06T12:17:33","slug":"grinding","status":"publish","type":"page","link":"https:\/\/pandrim.md\/en\/grinding\/","title":{"rendered":"GRINDING"},"content":{"rendered":"<div class=\"wpb-content-wrapper\"><p>[vc_row wrap_container=&#8221;yes&#8221; css=&#8221;.vc_custom_1716388851509{padding-top: 80px !important;padding-bottom: 60px !important;}&#8221; animation_type=&#8221;fadeInLeft&#8221; conditional_render=&#8221;%5B%7B%22value_role%22%3A%22administrator%22%7D%5D&#8221;][vc_column width=&#8221;1\/2&#8243; conditional_render=&#8221;%5B%7B%22value_role%22%3A%22administrator%22%7D%5D&#8221;][vc_custom_heading text=&#8221;We offer plastic waste grinding services to companies in order to reduce production costs by reusing technological waste and responsibly managing plastic waste, which plays a significant role in reducing production costs and promoting sustainable economics.&#8221; font_container=&#8221;tag:h3|text_align:left|line_height:1.4&#8243; use_theme_fonts=&#8221;yes&#8221; css=&#8221;&#8221; text_transform=&#8221;text-uppercase&#8221; font_weight=&#8221;700&#8243; skin=&#8221;primary&#8221; animation_delay=&#8221;&#8221; el_class=&#8221;mb-3&#8243;][vc_custom_heading text=&#8221;PANDRIM &#8211; GRINDING&#8221; font_container=&#8221;tag:h3|font_size:1.2em|text_align:left|line_height:42px&#8221; use_theme_fonts=&#8221;yes&#8221; css=&#8221;.vc_custom_1717676079036{margin-top: 3px !important;}&#8221; font_weight=&#8221;500&#8243; skin=&#8221;secondary&#8221; letter_spacing=&#8221;2.5px&#8221; animation_delay=&#8221;&#8221; el_class=&#8221;mb-0&#8243;][vc_custom_heading text=&#8221;This process involves grinding recycled plastic materials into small pieces or flakes to prepare the material for subsequent processing and transformation into new plastic products.&#8221; font_container=&#8221;tag:p|font_size:1.4em|text_align:left|line_height:1.7&#8243; use_theme_fonts=&#8221;yes&#8221; css=&#8221;.vc_custom_1717676070807{margin-bottom: 37px !important;}&#8221; animation_delay=&#8221;&#8221; el_class=&#8221;custom-font1&#8243;][\/vc_column][vc_column width=&#8221;1\/2&#8243;]\r\n<div class=\"porto-image-comparison  wpb_custom_eccd3db1f250375efd1e79ce502df99b\" data-orientation=\"horizontal\" data-offset=\"0.25\" data-handle-action=\"click\">\r\n<img loading=\"lazy\" decoding=\"async\" width=\"600\" height=\"400\" src=\"https:\/\/pandrim.md\/wp-content\/uploads\/2024\/05\/plastic.png\" class=\"porto-image-comparison-before\" alt=\"\" srcset=\"https:\/\/pandrim.md\/wp-content\/uploads\/2024\/05\/plastic.png 600w, https:\/\/pandrim.md\/wp-content\/uploads\/2024\/05\/plastic-400x267.png 400w, https:\/\/pandrim.md\/wp-content\/uploads\/2024\/05\/plastic-367x245.png 367w\" sizes=\"auto, (max-width: 600px) 100vw, 600px\" \/><img loading=\"lazy\" decoding=\"async\" width=\"600\" height=\"400\" src=\"https:\/\/pandrim.md\/wp-content\/uploads\/2024\/05\/macinare.png\" class=\"porto-image-comparison-after\" alt=\"\" srcset=\"https:\/\/pandrim.md\/wp-content\/uploads\/2024\/05\/macinare.png 600w, https:\/\/pandrim.md\/wp-content\/uploads\/2024\/05\/macinare-400x267.png 400w, https:\/\/pandrim.md\/wp-content\/uploads\/2024\/05\/macinare-367x245.png 367w\" sizes=\"auto, (max-width: 600px) 100vw, 600px\" \/>\t<div class=\"porto-image-comparison-overlay\">\r\n\t\t<div class=\"before-label\"><\/div>\r\n\t\t<div class=\"after-label\"><\/div>\r\n\t<\/div>\r\n\t<div class=\"porto-image-comparison-handle\"><i class=\"porto-compare-icon\"><\/i><\/div>\r\n<\/div>\r\n[\/vc_column][\/vc_row][vc_row full_width_css=&#8221;stretch_row_content_css&#8221; wrap_container=&#8221;yes&#8221; is_section=&#8221;yes&#8221; css=&#8221;.vc_custom_1716389359799{padding-top: 80px !important;padding-bottom: 60px !important;}&#8221; conditional_render=&#8221;%5B%7B%22value_role%22%3A%22administrator%22%7D%5D&#8221;][vc_column width=&#8221;2\/3&#8243; conditional_render=&#8221;%5B%7B%22value_role%22%3A%22administrator%22%7D%5D&#8221;][vc_custom_heading text=&#8221;Here&#8217;s how this process generally unfolds:&#8221; font_container=&#8221;tag:p|font_size:1.4em|text_align:left|line_height:1.7&#8243; use_theme_fonts=&#8221;yes&#8221; css=&#8221;.vc_custom_1717676094119{margin-bottom: 37px !important;}&#8221; animation_delay=&#8221;&#8221; el_class=&#8221;custom-font1&#8243;]<div class=\"porto-process wpb_custom_bfbed82af8c6171e638ed07316da91fc\"><div class=\"process-step\" data-appear-animation=\"fadeInUp\" data-appear-animation-delay=\"200\"><div class=\"process-step-circle\"><strong class=\"process-step-circle-content\">1<\/strong><\/div><div class=\"process-step-content\"><h4 class=\"step-item-title\" style=\"color:#212529\">Collection and Sorting<\/h4><div class=\"process-step-desc\">Recyclable plastic materials are collected and then sorted based on the type of plastic and their level of contamination. It&#8217;s important that this stage is done carefully to ensure the quality of the recycled material.<\/div><\/div><\/div><div class=\"process-step\" data-appear-animation=\"fadeInUp\" data-appear-animation-delay=\"400\"><div class=\"process-step-circle\"><strong class=\"process-step-circle-content\">2<\/strong><\/div><div class=\"process-step-content\"><h4 class=\"step-item-title\" style=\"color:#212529\">Washing and Cleaning<\/h4><div class=\"process-step-desc\">Plastic waste is then washed and cleaned to remove impurities and dirt that could affect the quality of the resulting recycled material.<\/div><\/div><\/div><div class=\"process-step\" data-appear-animation=\"fadeInUp\" data-appear-animation-delay=\"600\"><div class=\"process-step-circle\"><strong class=\"process-step-circle-content\">3<\/strong><\/div><div class=\"process-step-content\"><h4 class=\"step-item-title\" style=\"color:#212529\">Grinding<\/h4><div class=\"process-step-desc\">The cleaned plastic is fed into specialized equipment, such as a grinder or grinding machine, which reduces it into smaller sizes. These sizes can vary depending on the specific requirements of the recycling process and the final product.<\/div><\/div><\/div><div class=\"process-step\" data-appear-animation=\"fadeInUp\" data-appear-animation-delay=\"800\"><div class=\"process-step-circle\"><strong class=\"process-step-circle-content\">4<\/strong><\/div><div class=\"process-step-content\"><h4 class=\"step-item-title\" style=\"color:#212529\">Separation and Filtration<\/h4><div class=\"process-step-desc\">After grinding, plastic materials may undergo additional separation and filtration processes to remove any remaining impurities and ensure uniformity and quality of the recycled material.<\/div><\/div><\/div><div class=\"process-step\" data-appear-animation=\"fadeInUp\" data-appear-animation-delay=\"800\"><div class=\"process-step-circle\"><strong class=\"process-step-circle-content\">5<\/strong><\/div><div class=\"process-step-content\"><h4 class=\"step-item-title\" style=\"color:#212529\">Testing and Quality Control<\/h4><div class=\"process-step-desc\">The ground plastic materials are then subjected to quality tests to ensure they meet required standards and are suitable for use in subsequent production processes.<\/div><\/div><\/div><div class=\"process-step\" data-appear-animation=\"fadeInUp\" data-appear-animation-delay=\"800\"><div class=\"process-step-circle\"><strong class=\"process-step-circle-content\">6<\/strong><\/div><div class=\"process-step-content\"><h4 class=\"step-item-title\" style=\"color:#212529\">Packaging and Delivery<\/h4><div class=\"process-step-desc\">The ground recycled plastic material is packaged and prepared for delivery to factories or manufacturers who will use it in their production processes.<\/div><\/div><\/div><\/div>[\/vc_column][vc_column width=&#8221;1\/3&#8243; css=&#8221;.vc_custom_1716390299311{margin-top: 60px !important;}&#8221; conditional_render=&#8221;%5B%7B%22value_role%22%3A%22administrator%22%7D%5D&#8221; animation_type=&#8221;fadeInDown&#8221;][vc_single_image image=&#8221;969&#8243; img_size=&#8221;large&#8221; alignment=&#8221;center&#8221; style=&#8221;vc_box_shadow_border&#8221; css=&#8221;&#8221;][vc_column_text css=&#8221;.vc_custom_1717676250648{margin-top: 20px !important;margin-right: 20px !important;margin-bottom: 20px !important;margin-left: 20px !important;}&#8221; text_color=&#8221;#606060&#8243; text_typography=&#8221;{&#8220;family&#8220;:&#8220;Default&#8220;,&#8220;variant&#8220;:&#8220;Default&#8220;,&#8220;font_size&#8220;:&#8220;1.4em&#8220;,&#8220;line_height&#8220;:&#8220;1.4em&#8220;,&#8220;letter_spacing&#8220;:&#8220;&#8220;,&#8220;text_transform&#8220;:&#8220;&#8220;}&#8221;]Grinding plastic waste is an important step in the recycling process, contributing to transforming plastic waste into valuable resources and reducing environmental pollution.[\/vc_column_text][\/vc_column][\/vc_row][vc_row][vc_column]<div class=\"porto-block\" data-id=\"1300\"><style>.vc_custom_1716293728798{padding-top: 91px !important;padding-bottom: 91px !important;background-image: url(\/\/sw-themes.com\/porto_dummy\/wp-content\/uploads\/2020\/12\/industry-background-2.jpg?id=125) !important;background-position: center !important;background-repeat: no-repeat !important;background-size: cover !important;}<\/style>[vc_row wrap_container=\"yes\" content_placement=\"middle\" css=\".vc_custom_1716293728798{padding-top: 91px !important;padding-bottom: 91px !important;background-image: url(\/\/sw-themes.com\/porto_dummy\/wp-content\/uploads\/2020\/12\/industry-background-2.jpg?id=125) !important;background-position: center !important;background-repeat: no-repeat !important;background-size: cover !important;}\" el_class=\"overlay-primary position-relative\" conditional_render=\"%5B%7B%22value_role%22%3A%22administrator%22%7D%5D\"][vc_column width=\"2\/3\" el_class=\"mb-4 mb-lg-0 z-index-1\" offset=\"vc_col-md-9\" conditional_render=\"%5B%7B%22value_role%22%3A%22administrator%22%7D%5D\"][vc_custom_heading text=\"Request a price quote for your project!\" font_container=\"tag:h2|font_size:2.2em|text_align:left|line_height:1.3636\" use_theme_fonts=\"yes\" css=\"\" font_weight=\"700\" skin=\"light\" letter_spacing=\".10em\" el_class=\"mb-0\"][\/vc_column][vc_column offset=\"vc_col-md-3\"][vc_btn title=\"Contact Us\" style=\"modern\" size=\"lg\" align=\"left\" css=\"\" skin=\"light\" btn_fs=\"13.6px\" btn_fw=\"700\" animation_delay=\"900\" link=\"url:https%3A%2F%2Fpandrim.md%2Fen%2Fcontacts%2F|title:Contacte\" el_class=\"btn-triangle text-lg-end mb-0 z-index-1\"][\/vc_column][\/vc_row]<\/div>[\/vc_column][\/vc_row]<\/p>\n<\/div>","protected":false},"excerpt":{"rendered":"<p>[vc_row wrap_container=&#8221;yes&#8221; css=&#8221;.vc_custom_1716388851509{padding-top: 80px !important;padding-bottom: 60px !important;}&#8221; animation_type=&#8221;fadeInLeft&#8221; conditional_render=&#8221;%5B%7B%22value_role%22%3A%22administrator%22%7D%5D&#8221;][vc_column width=&#8221;1\/2&#8243; conditional_render=&#8221;%5B%7B%22value_role%22%3A%22administrator%22%7D%5D&#8221;][vc_custom_heading text=&#8221;We offer plastic waste grinding services to companies in order to reduce production costs by reusing technological waste and responsibly managing plastic waste, which plays a significant role in reducing production costs and promoting sustainable economics.&#8221; font_container=&#8221;tag:h3|text_align:left|line_height:1.4&#8243; use_theme_fonts=&#8221;yes&#8221; css=&#8221;&#8221; text_transform=&#8221;text-uppercase&#8221; font_weight=&#8221;700&#8243; skin=&#8221;primary&#8221; animation_delay=&#8221;&#8221; el_class=&#8221;mb-3&#8243;][vc_custom_heading [&hellip;]<\/p>\n","protected":false},"author":1,"featured_media":0,"parent":0,"menu_order":0,"comment_status":"closed","ping_status":"closed","template":"","meta":{"footnotes":""},"class_list":["post-1218","page","type-page","status-publish","hentry"],"yoast_head":"<!-- This site is optimized with the Yoast SEO plugin v22.8 - https:\/\/yoast.com\/wordpress\/plugins\/seo\/ -->\n<title>GRINDING - Pandrim<\/title>\n<meta name=\"robots\" content=\"index, follow, max-snippet:-1, max-image-preview:large, max-video-preview:-1\" \/>\n<link rel=\"canonical\" href=\"https:\/\/pandrim.md\/en\/grinding\/\" \/>\n<meta property=\"og:locale\" content=\"en_US\" \/>\n<meta property=\"og:type\" content=\"article\" \/>\n<meta property=\"og:title\" content=\"GRINDING - Pandrim\" \/>\n<meta property=\"og:description\" content=\"[vc_row wrap_container=&#8221;yes&#8221; css=&#8221;.vc_custom_1716388851509{padding-top: 80px !important;padding-bottom: 60px !important;}&#8221; animation_type=&#8221;fadeInLeft&#8221; conditional_render=&#8221;%5B%7B%22value_role%22%3A%22administrator%22%7D%5D&#8221;][vc_column width=&#8221;1\/2&#8243; conditional_render=&#8221;%5B%7B%22value_role%22%3A%22administrator%22%7D%5D&#8221;][vc_custom_heading text=&#8221;We offer plastic waste grinding services to companies in order to reduce production costs by reusing technological waste and responsibly managing plastic waste, which plays a significant role in reducing production costs and promoting sustainable economics.&#8221; font_container=&#8221;tag:h3|text_align:left|line_height:1.4&#8243; use_theme_fonts=&#8221;yes&#8221; css=&#8221;&#8221; text_transform=&#8221;text-uppercase&#8221; font_weight=&#8221;700&#8243; skin=&#8221;primary&#8221; animation_delay=&#8221;&#8221; el_class=&#8221;mb-3&#8243;][vc_custom_heading [&hellip;]\" \/>\n<meta property=\"og:url\" content=\"https:\/\/pandrim.md\/en\/grinding\/\" \/>\n<meta property=\"og:site_name\" content=\"Pandrim\" \/>\n<meta property=\"article:publisher\" content=\"https:\/\/www.facebook.com\/pandrimsrl\" \/>\n<meta property=\"article:modified_time\" content=\"2024-06-06T12:17:33+00:00\" \/>\n<meta name=\"twitter:card\" content=\"summary_large_image\" \/>\n<meta name=\"twitter:label1\" content=\"Est. reading time\" \/>\n\t<meta name=\"twitter:data1\" content=\"3 minutes\" \/>\n<script type=\"application\/ld+json\" class=\"yoast-schema-graph\">{\"@context\":\"https:\/\/schema.org\",\"@graph\":[{\"@type\":\"WebPage\",\"@id\":\"https:\/\/pandrim.md\/en\/grinding\/\",\"url\":\"https:\/\/pandrim.md\/en\/grinding\/\",\"name\":\"GRINDING - Pandrim\",\"isPartOf\":{\"@id\":\"https:\/\/pandrim.md\/#website\"},\"datePublished\":\"2024-05-22T15:10:56+00:00\",\"dateModified\":\"2024-06-06T12:17:33+00:00\",\"breadcrumb\":{\"@id\":\"https:\/\/pandrim.md\/en\/grinding\/#breadcrumb\"},\"inLanguage\":\"en-US\",\"potentialAction\":[{\"@type\":\"ReadAction\",\"target\":[\"https:\/\/pandrim.md\/en\/grinding\/\"]}]},{\"@type\":\"BreadcrumbList\",\"@id\":\"https:\/\/pandrim.md\/en\/grinding\/#breadcrumb\",\"itemListElement\":[{\"@type\":\"ListItem\",\"position\":1,\"name\":\"Prima pagin\u0103\",\"item\":\"https:\/\/pandrim.md\/en\/\"},{\"@type\":\"ListItem\",\"position\":2,\"name\":\"GRINDING\"}]},{\"@type\":\"WebSite\",\"@id\":\"https:\/\/pandrim.md\/#website\",\"url\":\"https:\/\/pandrim.md\/\",\"name\":\"Pandrim, Injectare sub presiune, m\u0103cinare, granulare \u015fi reciclare a masei plastice\",\"description\":\"Injectare sub presiune, m\u0103cinare, granulare \u015fi reciclare a masei plastice\",\"publisher\":{\"@id\":\"https:\/\/pandrim.md\/#organization\"},\"potentialAction\":[{\"@type\":\"SearchAction\",\"target\":{\"@type\":\"EntryPoint\",\"urlTemplate\":\"https:\/\/pandrim.md\/?s={search_term_string}\"},\"query-input\":\"required name=search_term_string\"}],\"inLanguage\":\"en-US\"},{\"@type\":\"Organization\",\"@id\":\"https:\/\/pandrim.md\/#organization\",\"name\":\"Pandrim\",\"url\":\"https:\/\/pandrim.md\/\",\"logo\":{\"@type\":\"ImageObject\",\"inLanguage\":\"en-US\",\"@id\":\"https:\/\/pandrim.md\/#\/schema\/logo\/image\/\",\"url\":\"https:\/\/pandrim.md\/wp-content\/uploads\/2020\/12\/pandrim_logo.png\",\"contentUrl\":\"https:\/\/pandrim.md\/wp-content\/uploads\/2020\/12\/pandrim_logo.png\",\"width\":300,\"height\":103,\"caption\":\"Pandrim\"},\"image\":{\"@id\":\"https:\/\/pandrim.md\/#\/schema\/logo\/image\/\"},\"sameAs\":[\"https:\/\/www.facebook.com\/pandrimsrl\"]}]}<\/script>\n<!-- \/ Yoast SEO plugin. -->","yoast_head_json":{"title":"GRINDING - Pandrim","robots":{"index":"index","follow":"follow","max-snippet":"max-snippet:-1","max-image-preview":"max-image-preview:large","max-video-preview":"max-video-preview:-1"},"canonical":"https:\/\/pandrim.md\/en\/grinding\/","og_locale":"en_US","og_type":"article","og_title":"GRINDING - Pandrim","og_description":"[vc_row wrap_container=&#8221;yes&#8221; css=&#8221;.vc_custom_1716388851509{padding-top: 80px !important;padding-bottom: 60px !important;}&#8221; animation_type=&#8221;fadeInLeft&#8221; conditional_render=&#8221;%5B%7B%22value_role%22%3A%22administrator%22%7D%5D&#8221;][vc_column width=&#8221;1\/2&#8243; conditional_render=&#8221;%5B%7B%22value_role%22%3A%22administrator%22%7D%5D&#8221;][vc_custom_heading text=&#8221;We offer plastic waste grinding services to companies in order to reduce production costs by reusing technological waste and responsibly managing plastic waste, which plays a significant role in reducing production costs and promoting sustainable economics.&#8221; font_container=&#8221;tag:h3|text_align:left|line_height:1.4&#8243; use_theme_fonts=&#8221;yes&#8221; css=&#8221;&#8221; text_transform=&#8221;text-uppercase&#8221; font_weight=&#8221;700&#8243; skin=&#8221;primary&#8221; animation_delay=&#8221;&#8221; el_class=&#8221;mb-3&#8243;][vc_custom_heading [&hellip;]","og_url":"https:\/\/pandrim.md\/en\/grinding\/","og_site_name":"Pandrim","article_publisher":"https:\/\/www.facebook.com\/pandrimsrl","article_modified_time":"2024-06-06T12:17:33+00:00","twitter_card":"summary_large_image","twitter_misc":{"Est. reading time":"3 minutes"},"schema":{"@context":"https:\/\/schema.org","@graph":[{"@type":"WebPage","@id":"https:\/\/pandrim.md\/en\/grinding\/","url":"https:\/\/pandrim.md\/en\/grinding\/","name":"GRINDING - Pandrim","isPartOf":{"@id":"https:\/\/pandrim.md\/#website"},"datePublished":"2024-05-22T15:10:56+00:00","dateModified":"2024-06-06T12:17:33+00:00","breadcrumb":{"@id":"https:\/\/pandrim.md\/en\/grinding\/#breadcrumb"},"inLanguage":"en-US","potentialAction":[{"@type":"ReadAction","target":["https:\/\/pandrim.md\/en\/grinding\/"]}]},{"@type":"BreadcrumbList","@id":"https:\/\/pandrim.md\/en\/grinding\/#breadcrumb","itemListElement":[{"@type":"ListItem","position":1,"name":"Prima pagin\u0103","item":"https:\/\/pandrim.md\/en\/"},{"@type":"ListItem","position":2,"name":"GRINDING"}]},{"@type":"WebSite","@id":"https:\/\/pandrim.md\/#website","url":"https:\/\/pandrim.md\/","name":"Pandrim, Injectare sub presiune, m\u0103cinare, granulare \u015fi reciclare a masei plastice","description":"Injectare sub presiune, m\u0103cinare, granulare \u015fi reciclare a masei plastice","publisher":{"@id":"https:\/\/pandrim.md\/#organization"},"potentialAction":[{"@type":"SearchAction","target":{"@type":"EntryPoint","urlTemplate":"https:\/\/pandrim.md\/?s={search_term_string}"},"query-input":"required name=search_term_string"}],"inLanguage":"en-US"},{"@type":"Organization","@id":"https:\/\/pandrim.md\/#organization","name":"Pandrim","url":"https:\/\/pandrim.md\/","logo":{"@type":"ImageObject","inLanguage":"en-US","@id":"https:\/\/pandrim.md\/#\/schema\/logo\/image\/","url":"https:\/\/pandrim.md\/wp-content\/uploads\/2020\/12\/pandrim_logo.png","contentUrl":"https:\/\/pandrim.md\/wp-content\/uploads\/2020\/12\/pandrim_logo.png","width":300,"height":103,"caption":"Pandrim"},"image":{"@id":"https:\/\/pandrim.md\/#\/schema\/logo\/image\/"},"sameAs":["https:\/\/www.facebook.com\/pandrimsrl"]}]}},"_links":{"self":[{"href":"https:\/\/pandrim.md\/en\/wp-json\/wp\/v2\/pages\/1218","targetHints":{"allow":["GET"]}}],"collection":[{"href":"https:\/\/pandrim.md\/en\/wp-json\/wp\/v2\/pages"}],"about":[{"href":"https:\/\/pandrim.md\/en\/wp-json\/wp\/v2\/types\/page"}],"author":[{"embeddable":true,"href":"https:\/\/pandrim.md\/en\/wp-json\/wp\/v2\/users\/1"}],"replies":[{"embeddable":true,"href":"https:\/\/pandrim.md\/en\/wp-json\/wp\/v2\/comments?post=1218"}],"version-history":[{"count":3,"href":"https:\/\/pandrim.md\/en\/wp-json\/wp\/v2\/pages\/1218\/revisions"}],"predecessor-version":[{"id":1307,"href":"https:\/\/pandrim.md\/en\/wp-json\/wp\/v2\/pages\/1218\/revisions\/1307"}],"wp:attachment":[{"href":"https:\/\/pandrim.md\/en\/wp-json\/wp\/v2\/media?parent=1218"}],"curies":[{"name":"wp","href":"https:\/\/api.w.org\/{rel}","templated":true}]}}