{"id":1222,"date":"2024-05-21T10:49:38","date_gmt":"2024-05-21T10:49:38","guid":{"rendered":"https:\/\/pandrim.md\/?page_id=1222"},"modified":"2024-06-06T08:34:28","modified_gmt":"2024-06-06T08:34:28","slug":"mold-design","status":"publish","type":"page","link":"https:\/\/pandrim.md\/en\/mold-design\/","title":{"rendered":"MOLD DESIGN"},"content":{"rendered":"<div class=\"wpb-content-wrapper\"><p>[vc_row no_padding=&#8221;yes&#8221; el_class=&#8221;pc-section-shape-background position-relative overflow-hidden background-color-tertiary&#8221; conditional_render=&#8221;%5B%7B%22value_role%22%3A%22administrator%22%7D%5D&#8221; css=&#8221;.vc_custom_1716292526882{margin-top: 0px !important;padding-top: 0px !important;}&#8221;][vc_column][vc_custom_heading text=&#8221;&#8221; font_container=&#8221;tag:div|text_align:left&#8221; use_theme_fonts=&#8221;yes&#8221; css=&#8221;.vc_custom_1716292554676{padding-top: 40px !important;padding-bottom: 40px !important;}&#8221; el_class=&#8221;z-index-1 position-relative&#8221;]<div class=\"porto-container container position-relative z-index-2 mt-3 mb-5\">[vc_row_inner content_placement=&#8221;middle&#8221; css=&#8221;.vc_custom_1708584884654{padding-bottom: 50px !important;}&#8221;][vc_column_inner el_class=&#8221;pe-lg-5 mb-4 mb-lg-0&#8243; offset=&#8221;vc_col-md-6&#8243;]<div class=\"porto-ultimate-content-box-container d-inline-flex\" data-appear-animation=\"fadeInLeft\" data-appear-animation-delay=\"200\"><style>#porto_ucb_9348{will-change: box-shadow;box-shadow:0px 30px 60px -30px rgba(0,0,0,0.45);}#porto_ucb_9348:hover{box-shadow:0px 30px 60px -30px rgba(0,0,0,0.45)}<\/style><div class=\"porto-ultimate-content-box\" style=\"\" id=\"porto_ucb_9348\">[vc_single_image image=&#8221;920&#8243; img_size=&#8221;full&#8221; css=&#8221;&#8221; animation_duration=&#8221;&#8221; animation_delay=&#8221;&#8221; el_class=&#8221;mb-0 box-shadow-3&#8243;]<\/div><\/div>[\/vc_column_inner][vc_column_inner el_class=&#8221;position-relative z-index-1 mt-4 mt-md-0&#8243; animation_delay=&#8221;500&#8243; offset=&#8221;vc_col-md-6&#8243; animation_type=&#8221;fadeInLeft&#8221;][vc_custom_heading text=&#8221;We offer professional support in the mold design process for any type of technical parts or plastic components. &#8221; font_container=&#8221;tag:h3|text_align:left|line_height:1.4&#8243; use_theme_fonts=&#8221;yes&#8221; css=&#8221;&#8221; text_transform=&#8221;text-uppercase&#8221; font_weight=&#8221;700&#8243; skin=&#8221;primary&#8221; animation_delay=&#8221;&#8221; el_class=&#8221;mb-3&#8243;][vc_custom_heading text=&#8221;PANDRIM &#8211; MOLD DESIGN&#8221; font_container=&#8221;tag:h3|font_size:1.2em|text_align:left|line_height:42px&#8221; use_theme_fonts=&#8221;yes&#8221; css=&#8221;.vc_custom_1717662461527{margin-top: 3px !important;}&#8221; font_weight=&#8221;500&#8243; skin=&#8221;secondary&#8221; letter_spacing=&#8221;2.5px&#8221; animation_delay=&#8221;&#8221; el_class=&#8221;mb-0&#8243;][vc_custom_heading text=&#8221;The mold design process is essential in the plastics manufacturing industry. This stage involves designing and creating molds used to produce various plastic parts and components.&#8221; font_container=&#8221;tag:p|font_size:1.4em|text_align:left|line_height:1.7&#8243; use_theme_fonts=&#8221;yes&#8221; css=&#8221;.vc_custom_1717662565952{margin-bottom: 37px !important;}&#8221; animation_delay=&#8221;&#8221; el_class=&#8221;custom-font1&#8243;][vc_custom_heading text=&#8221;Here are some key aspects related to the mold design service:&#8221; font_container=&#8221;tag:h3|text_align:left|line_height:1.4&#8243; use_theme_fonts=&#8221;yes&#8221; css=&#8221;&#8221; text_transform=&#8221;text-uppercase&#8221; font_weight=&#8221;700&#8243; skin=&#8221;primary&#8221; animation_delay=&#8221;&#8221; el_class=&#8221;mb-3&#8243;][\/vc_column_inner][\/vc_row_inner]<\/div>[\/vc_column][\/vc_row][vc_row wrap_container=&#8221;yes&#8221; el_class=&#8221;my-lg-5 p-t-xl&#8221; conditional_render=&#8221;%5B%7B%22value_role%22%3A%22administrator%22%7D%5D&#8221;][vc_column width=&#8221;2\/3&#8243; conditional_render=&#8221;%5B%7B%22value_role%22%3A%22administrator%22%7D%5D&#8221;]<div class=\"porto-animation overflow-hidden mb-2\" >[vc_custom_heading text=&#8221;Design and Engineering&#8221; font_container=&#8221;tag:h2|text_align:left|line_height:1.2&#8243; use_theme_fonts=&#8221;yes&#8221; css=&#8221;&#8221; text_transform=&#8221;text-uppercase&#8221; font_weight=&#8221;700&#8243; skin=&#8221;primary&#8221; animation_delay=&#8221;200&#8243; el_class=&#8221;mb-0&#8243; animation_type=&#8221;maskUp&#8221;]<\/div><div class=\"porto-animation overflow-hidden mb-3\" >[vc_custom_heading text=&#8221;PANDRIM &#8211; MOLD DESIGN&#8221; font_container=&#8221;tag:h3|font_size:1.2em|text_align:left|line_height:24px&#8221; use_theme_fonts=&#8221;yes&#8221; css=&#8221;&#8221; font_weight=&#8221;500&#8243; skin=&#8221;secondary&#8221; letter_spacing=&#8221;2.5px&#8221; animation_delay=&#8221;400&#8243; el_class=&#8221;mb-0&#8243; animation_type=&#8221;maskUp&#8221;]<\/div>[vc_custom_heading text=&#8221;Mold design requires expertise in mechanical engineering and industrial design. Engineers must have solid knowledge of the materials used, manufacturing processes, and specific requirements of the parts or components to be produced.&#8221; font_container=&#8221;tag:p|font_size:1.4em|text_align:left|line_height:1.7&#8243; use_theme_fonts=&#8221;yes&#8221; css=&#8221;&#8221; animation_delay=&#8221;600&#8243; el_class=&#8221;custom-font1 mb-0&#8243; animation_type=&#8221;fadeInUp&#8221;][\/vc_column][vc_column width=&#8221;1\/3&#8243;][vc_single_image image=&#8221;914&#8243; img_size=&#8221;full&#8221; css=&#8221;&#8221; animation_duration=&#8221;&#8221; animation_delay=&#8221;&#8221; el_class=&#8221;mb-0 box-shadow-3&#8243;][\/vc_column][\/vc_row][vc_row wrap_container=&#8221;yes&#8221; is_section=&#8221;yes&#8221; el_class=&#8221;my-lg-5 p-t-xl&#8221; css=&#8221;.vc_custom_1716292179415{padding-bottom: 38px !important;}&#8221; conditional_render=&#8221;%5B%7B%22value_role%22%3A%22administrator%22%7D%5D&#8221;][vc_column conditional_render=&#8221;%5B%7B%22value_role%22%3A%22administrator%22%7D%5D&#8221;]<div class=\"porto-animation overflow-hidden mb-2\" >[vc_custom_heading text=&#8221;Optimization and Efficiency&#8221; font_container=&#8221;tag:h2|text_align:right|line_height:1.2&#8243; use_theme_fonts=&#8221;yes&#8221; css=&#8221;&#8221; text_transform=&#8221;text-uppercase&#8221; font_weight=&#8221;700&#8243; skin=&#8221;primary&#8221; animation_delay=&#8221;200&#8243; el_class=&#8221;mb-0&#8243; animation_type=&#8221;maskUp&#8221;]<\/div><div class=\"porto-animation overflow-hidden mb-3\" >[vc_custom_heading text=&#8221;PANDRIM &#8211; MOLD DESIGN&#8221; font_container=&#8221;tag:h3|font_size:1.2em|text_align:right|line_height:24px&#8221; use_theme_fonts=&#8221;yes&#8221; css=&#8221;&#8221; font_weight=&#8221;500&#8243; skin=&#8221;secondary&#8221; letter_spacing=&#8221;2.5px&#8221; animation_delay=&#8221;400&#8243; el_class=&#8221;mb-0&#8243; animation_type=&#8221;maskUp&#8221;]<\/div>[vc_custom_heading text=&#8221;Mold design must be optimized to ensure efficient production of quality parts. This may involve optimizing mold geometry, cooling channels, ejection systems, and other technical aspects to maximize yield and part quality.&#8221; font_container=&#8221;tag:p|font_size:1.4em|text_align:right|line_height:1.7&#8243; use_theme_fonts=&#8221;yes&#8221; css=&#8221;&#8221; animation_delay=&#8221;600&#8243; el_class=&#8221;custom-font1 mb-0&#8243; animation_type=&#8221;fadeInUp&#8221;][\/vc_column][\/vc_row][vc_row wrap_container=&#8221;yes&#8221; el_class=&#8221;my-lg-5 p-t-xl&#8221; css=&#8221;.vc_custom_1708941868170{padding-bottom: 38px !important;}&#8221; conditional_render=&#8221;%5B%7B%22value_role%22%3A%22administrator%22%7D%5D&#8221;][vc_column width=&#8221;2\/3&#8243; conditional_render=&#8221;%5B%7B%22value_role%22%3A%22administrator%22%7D%5D&#8221;]<div class=\"porto-animation overflow-hidden mb-2\" >[vc_custom_heading text=&#8221;Use of Advanced Technologies&#8221; font_container=&#8221;tag:h2|text_align:left|line_height:1.2&#8243; use_theme_fonts=&#8221;yes&#8221; css=&#8221;&#8221; text_transform=&#8221;text-uppercase&#8221; font_weight=&#8221;700&#8243; skin=&#8221;primary&#8221; animation_delay=&#8221;200&#8243; el_class=&#8221;mb-0&#8243; animation_type=&#8221;maskUp&#8221;]<\/div><div class=\"porto-animation overflow-hidden mb-3\" >[vc_custom_heading text=&#8221;PANDRIM &#8211; MOLD DESIGN&#8221; font_container=&#8221;tag:h3|font_size:1.2em|text_align:left|line_height:24px&#8221; use_theme_fonts=&#8221;yes&#8221; css=&#8221;&#8221; font_weight=&#8221;500&#8243; skin=&#8221;secondary&#8221; letter_spacing=&#8221;2.5px&#8221; animation_delay=&#8221;400&#8243; el_class=&#8221;mb-0&#8243; animation_type=&#8221;maskUp&#8221;]<\/div>[vc_custom_heading text=&#8221;Modern mold design services often use advanced technologies such as computer-aided three-dimensional modeling. These technologies help reduce costs and the time required for mold development.&#8221; font_container=&#8221;tag:p|font_size:1.4em|text_align:left|line_height:1.7&#8243; use_theme_fonts=&#8221;yes&#8221; css=&#8221;&#8221; animation_delay=&#8221;600&#8243; el_class=&#8221;custom-font1 mb-0&#8243; animation_type=&#8221;fadeInUp&#8221;][\/vc_column][vc_column width=&#8221;1\/3&#8243;][vc_single_image image=&#8221;916&#8243; img_size=&#8221;full&#8221; css=&#8221;&#8221; animation_duration=&#8221;&#8221; animation_delay=&#8221;&#8221; el_class=&#8221;mb-0 box-shadow-3&#8243;][\/vc_column][\/vc_row][vc_row wrap_container=&#8221;yes&#8221; is_section=&#8221;yes&#8221; el_class=&#8221;my-lg-5 p-t-xl&#8221; css=&#8221;.vc_custom_1716292179415{padding-bottom: 38px !important;}&#8221; conditional_render=&#8221;%5B%7B%22value_role%22%3A%22administrator%22%7D%5D&#8221;][vc_column conditional_render=&#8221;%5B%7B%22value_role%22%3A%22administrator%22%7D%5D&#8221;]<div class=\"porto-animation overflow-hidden mb-2\" >[vc_custom_heading text=&#8221;Customization and Adaptability&#8221; font_container=&#8221;tag:h2|text_align:right|line_height:1.2&#8243; use_theme_fonts=&#8221;yes&#8221; css=&#8221;&#8221; text_transform=&#8221;text-uppercase&#8221; font_weight=&#8221;700&#8243; skin=&#8221;primary&#8221; animation_delay=&#8221;200&#8243; el_class=&#8221;mb-0&#8243; animation_type=&#8221;maskUp&#8221;]<\/div><div class=\"porto-animation overflow-hidden mb-3\" >[vc_custom_heading text=&#8221;PANDRIM &#8211; MOLD DESIGN&#8221; font_container=&#8221;tag:h3|font_size:1.2em|text_align:right|line_height:24px&#8221; use_theme_fonts=&#8221;yes&#8221; css=&#8221;&#8221; font_weight=&#8221;500&#8243; skin=&#8221;secondary&#8221; letter_spacing=&#8221;2.5px&#8221; animation_delay=&#8221;400&#8243; el_class=&#8221;mb-0&#8243; animation_type=&#8221;maskUp&#8221;]<\/div>[vc_custom_heading text=&#8221;Molds must be tailored to the exact specifications and requirements of the parts or components to be produced. Therefore, the mold design service must be capable of providing customized solutions and be flexible in response to changing customer requirements.&#8221; font_container=&#8221;tag:p|font_size:1.4em|text_align:right|line_height:1.7&#8243; use_theme_fonts=&#8221;yes&#8221; css=&#8221;&#8221; animation_delay=&#8221;600&#8243; el_class=&#8221;custom-font1 mb-0&#8243; animation_type=&#8221;fadeInUp&#8221;][\/vc_column][\/vc_row][vc_row wrap_container=&#8221;yes&#8221; el_class=&#8221;my-lg-5 p-t-xl&#8221; css=&#8221;.vc_custom_1716293914885{padding-bottom: 10px !important;}&#8221; conditional_render=&#8221;%5B%7B%22value_role%22%3A%22administrator%22%7D%5D&#8221;][vc_column width=&#8221;2\/3&#8243; conditional_render=&#8221;%5B%7B%22value_role%22%3A%22administrator%22%7D%5D&#8221;]<div class=\"porto-animation overflow-hidden mb-2\" >[vc_custom_heading text=&#8221;Quality and Durability&#8221; font_container=&#8221;tag:h2|text_align:left|line_height:1.2&#8243; use_theme_fonts=&#8221;yes&#8221; css=&#8221;&#8221; text_transform=&#8221;text-uppercase&#8221; font_weight=&#8221;700&#8243; skin=&#8221;primary&#8221; animation_delay=&#8221;200&#8243; el_class=&#8221;mb-0&#8243; animation_type=&#8221;maskUp&#8221;]<\/div><div class=\"porto-animation overflow-hidden mb-3\" >[vc_custom_heading text=&#8221;PANDRIM &#8211; MOLD DESIGN&#8221; font_container=&#8221;tag:h3|font_size:1.2em|text_align:left|line_height:24px&#8221; use_theme_fonts=&#8221;yes&#8221; css=&#8221;&#8221; font_weight=&#8221;500&#8243; skin=&#8221;secondary&#8221; letter_spacing=&#8221;2.5px&#8221; animation_delay=&#8221;400&#8243; el_class=&#8221;mb-0&#8243; animation_type=&#8221;maskUp&#8221;]<\/div>[vc_custom_heading text=&#8221;Molds must be made from high-quality materials and designed to withstand the wear and mechanical stress generated by repeated manufacturing processes. Quality and durability are crucial to ensuring continuous and consistent production of parts.&#8221; font_container=&#8221;tag:p|font_size:1.4em|text_align:left|line_height:1.7&#8243; use_theme_fonts=&#8221;yes&#8221; css=&#8221;&#8221; animation_delay=&#8221;600&#8243; el_class=&#8221;custom-font1 mb-0&#8243; animation_type=&#8221;fadeInUp&#8221;][\/vc_column][vc_column width=&#8221;1\/3&#8243;][vc_single_image image=&#8221;918&#8243; img_size=&#8221;full&#8221; css=&#8221;&#8221; animation_duration=&#8221;&#8221; animation_delay=&#8221;&#8221; el_class=&#8221;mb-0 box-shadow-3&#8243;][\/vc_column][\/vc_row][vc_row full_width_css=&#8221;stretch_row_content_css&#8221; conditional_render=&#8221;%5B%7B%22value_role%22%3A%22administrator%22%7D%5D&#8221; css=&#8221;.vc_custom_1716293903824{margin-top: 0px !important;padding-top: 0px !important;}&#8221;][vc_column][vc_custom_heading text=&#8221;In conclusion, mold design service plays a vital role in ensuring the success and efficiency of manufacturing operations in all sectors of the processing industry, and our specialists will guide you throughout the entire process to consistently and economically achieve high-quality parts or components.&#8221; font_container=&#8221;tag:p|font_size:1.4em|text_align:left|line_height:1.7&#8243; use_theme_fonts=&#8221;yes&#8221; css=&#8221;&#8221; animation_delay=&#8221;600&#8243; el_class=&#8221;mb-5 custom-font1 px-0 col-lg-9 col-xl-8 mx-auto&#8221; animation_type=&#8221;fadeInUp&#8221;][\/vc_column][\/vc_row][vc_row][vc_column]<div class=\"porto-block\" data-id=\"1300\"><style>.vc_custom_1716293728798{padding-top: 91px !important;padding-bottom: 91px !important;background-image: url(\/\/sw-themes.com\/porto_dummy\/wp-content\/uploads\/2020\/12\/industry-background-2.jpg?id=125) !important;background-position: center !important;background-repeat: no-repeat !important;background-size: cover !important;}<\/style>[vc_row wrap_container=\"yes\" content_placement=\"middle\" css=\".vc_custom_1716293728798{padding-top: 91px !important;padding-bottom: 91px !important;background-image: url(\/\/sw-themes.com\/porto_dummy\/wp-content\/uploads\/2020\/12\/industry-background-2.jpg?id=125) !important;background-position: center !important;background-repeat: no-repeat !important;background-size: cover !important;}\" el_class=\"overlay-primary position-relative\" conditional_render=\"%5B%7B%22value_role%22%3A%22administrator%22%7D%5D\"][vc_column width=\"2\/3\" el_class=\"mb-4 mb-lg-0 z-index-1\" offset=\"vc_col-md-9\" conditional_render=\"%5B%7B%22value_role%22%3A%22administrator%22%7D%5D\"][vc_custom_heading text=\"Request a price quote for your project!\" font_container=\"tag:h2|font_size:2.2em|text_align:left|line_height:1.3636\" use_theme_fonts=\"yes\" css=\"\" font_weight=\"700\" skin=\"light\" letter_spacing=\".10em\" el_class=\"mb-0\"][\/vc_column][vc_column offset=\"vc_col-md-3\"][vc_btn title=\"Contact Us\" style=\"modern\" size=\"lg\" align=\"left\" css=\"\" skin=\"light\" btn_fs=\"13.6px\" btn_fw=\"700\" animation_delay=\"900\" link=\"url:https%3A%2F%2Fpandrim.md%2Fen%2Fcontacts%2F|title:Contacte\" el_class=\"btn-triangle text-lg-end mb-0 z-index-1\"][\/vc_column][\/vc_row]<\/div>[\/vc_column][\/vc_row]<\/p>\n<\/div>","protected":false},"excerpt":{"rendered":"<p>[vc_row no_padding=&#8221;yes&#8221; el_class=&#8221;pc-section-shape-background position-relative overflow-hidden background-color-tertiary&#8221; conditional_render=&#8221;%5B%7B%22value_role%22%3A%22administrator%22%7D%5D&#8221; css=&#8221;.vc_custom_1716292526882{margin-top: 0px !important;padding-top: 0px !important;}&#8221;][vc_column][vc_custom_heading text=&#8221;&#8221; font_container=&#8221;tag:div|text_align:left&#8221; use_theme_fonts=&#8221;yes&#8221; css=&#8221;.vc_custom_1716292554676{padding-top: 40px !important;padding-bottom: 40px !important;}&#8221; el_class=&#8221;z-index-1 position-relative&#8221;][\/vc_column][\/vc_row][vc_row wrap_container=&#8221;yes&#8221; el_class=&#8221;my-lg-5 p-t-xl&#8221; conditional_render=&#8221;%5B%7B%22value_role%22%3A%22administrator%22%7D%5D&#8221;][vc_column width=&#8221;2\/3&#8243; conditional_render=&#8221;%5B%7B%22value_role%22%3A%22administrator%22%7D%5D&#8221;][vc_custom_heading text=&#8221;Mold design requires expertise in mechanical engineering and industrial design. Engineers must have solid knowledge of the materials used, manufacturing processes, and specific requirements of the parts [&hellip;]<\/p>\n","protected":false},"author":1,"featured_media":0,"parent":0,"menu_order":0,"comment_status":"closed","ping_status":"closed","template":"","meta":{"footnotes":""},"class_list":["post-1222","page","type-page","status-publish","hentry"],"yoast_head":"<!-- This site is optimized with the Yoast SEO plugin v22.8 - https:\/\/yoast.com\/wordpress\/plugins\/seo\/ -->\n<title>MOLD DESIGN - Pandrim<\/title>\n<meta name=\"robots\" content=\"index, follow, max-snippet:-1, max-image-preview:large, max-video-preview:-1\" \/>\n<link rel=\"canonical\" href=\"https:\/\/pandrim.md\/en\/mold-design\/\" \/>\n<meta property=\"og:locale\" content=\"en_US\" \/>\n<meta property=\"og:type\" content=\"article\" \/>\n<meta property=\"og:title\" content=\"MOLD DESIGN - Pandrim\" \/>\n<meta property=\"og:description\" content=\"[vc_row no_padding=&#8221;yes&#8221; el_class=&#8221;pc-section-shape-background position-relative overflow-hidden background-color-tertiary&#8221; conditional_render=&#8221;%5B%7B%22value_role%22%3A%22administrator%22%7D%5D&#8221; css=&#8221;.vc_custom_1716292526882{margin-top: 0px !important;padding-top: 0px !important;}&#8221;][vc_column][vc_custom_heading text=&#8221;&#8221; font_container=&#8221;tag:div|text_align:left&#8221; use_theme_fonts=&#8221;yes&#8221; css=&#8221;.vc_custom_1716292554676{padding-top: 40px !important;padding-bottom: 40px !important;}&#8221; el_class=&#8221;z-index-1 position-relative&#8221;][\/vc_column][\/vc_row][vc_row wrap_container=&#8221;yes&#8221; el_class=&#8221;my-lg-5 p-t-xl&#8221; conditional_render=&#8221;%5B%7B%22value_role%22%3A%22administrator%22%7D%5D&#8221;][vc_column width=&#8221;2\/3&#8243; conditional_render=&#8221;%5B%7B%22value_role%22%3A%22administrator%22%7D%5D&#8221;][vc_custom_heading text=&#8221;Mold design requires expertise in mechanical engineering and industrial design. Engineers must have solid knowledge of the materials used, manufacturing processes, and specific requirements of the parts [&hellip;]\" \/>\n<meta property=\"og:url\" content=\"https:\/\/pandrim.md\/en\/mold-design\/\" \/>\n<meta property=\"og:site_name\" content=\"Pandrim\" \/>\n<meta property=\"article:publisher\" content=\"https:\/\/www.facebook.com\/pandrimsrl\" \/>\n<meta property=\"article:modified_time\" content=\"2024-06-06T08:34:28+00:00\" \/>\n<meta name=\"twitter:card\" content=\"summary_large_image\" \/>\n<script type=\"application\/ld+json\" class=\"yoast-schema-graph\">{\"@context\":\"https:\/\/schema.org\",\"@graph\":[{\"@type\":\"WebPage\",\"@id\":\"https:\/\/pandrim.md\/en\/mold-design\/\",\"url\":\"https:\/\/pandrim.md\/en\/mold-design\/\",\"name\":\"MOLD DESIGN - Pandrim\",\"isPartOf\":{\"@id\":\"https:\/\/pandrim.md\/#website\"},\"datePublished\":\"2024-05-21T10:49:38+00:00\",\"dateModified\":\"2024-06-06T08:34:28+00:00\",\"breadcrumb\":{\"@id\":\"https:\/\/pandrim.md\/en\/mold-design\/#breadcrumb\"},\"inLanguage\":\"en-US\",\"potentialAction\":[{\"@type\":\"ReadAction\",\"target\":[\"https:\/\/pandrim.md\/en\/mold-design\/\"]}]},{\"@type\":\"BreadcrumbList\",\"@id\":\"https:\/\/pandrim.md\/en\/mold-design\/#breadcrumb\",\"itemListElement\":[{\"@type\":\"ListItem\",\"position\":1,\"name\":\"Prima pagin\u0103\",\"item\":\"https:\/\/pandrim.md\/en\/\"},{\"@type\":\"ListItem\",\"position\":2,\"name\":\"MOLD DESIGN\"}]},{\"@type\":\"WebSite\",\"@id\":\"https:\/\/pandrim.md\/#website\",\"url\":\"https:\/\/pandrim.md\/\",\"name\":\"Pandrim, Injectare sub presiune, m\u0103cinare, granulare \u015fi reciclare a masei plastice\",\"description\":\"Injectare sub presiune, m\u0103cinare, granulare \u015fi reciclare a masei plastice\",\"publisher\":{\"@id\":\"https:\/\/pandrim.md\/#organization\"},\"potentialAction\":[{\"@type\":\"SearchAction\",\"target\":{\"@type\":\"EntryPoint\",\"urlTemplate\":\"https:\/\/pandrim.md\/?s={search_term_string}\"},\"query-input\":\"required name=search_term_string\"}],\"inLanguage\":\"en-US\"},{\"@type\":\"Organization\",\"@id\":\"https:\/\/pandrim.md\/#organization\",\"name\":\"Pandrim\",\"url\":\"https:\/\/pandrim.md\/\",\"logo\":{\"@type\":\"ImageObject\",\"inLanguage\":\"en-US\",\"@id\":\"https:\/\/pandrim.md\/#\/schema\/logo\/image\/\",\"url\":\"https:\/\/pandrim.md\/wp-content\/uploads\/2020\/12\/pandrim_logo.png\",\"contentUrl\":\"https:\/\/pandrim.md\/wp-content\/uploads\/2020\/12\/pandrim_logo.png\",\"width\":300,\"height\":103,\"caption\":\"Pandrim\"},\"image\":{\"@id\":\"https:\/\/pandrim.md\/#\/schema\/logo\/image\/\"},\"sameAs\":[\"https:\/\/www.facebook.com\/pandrimsrl\"]}]}<\/script>\n<!-- \/ Yoast SEO plugin. -->","yoast_head_json":{"title":"MOLD DESIGN - Pandrim","robots":{"index":"index","follow":"follow","max-snippet":"max-snippet:-1","max-image-preview":"max-image-preview:large","max-video-preview":"max-video-preview:-1"},"canonical":"https:\/\/pandrim.md\/en\/mold-design\/","og_locale":"en_US","og_type":"article","og_title":"MOLD DESIGN - Pandrim","og_description":"[vc_row no_padding=&#8221;yes&#8221; el_class=&#8221;pc-section-shape-background position-relative overflow-hidden background-color-tertiary&#8221; conditional_render=&#8221;%5B%7B%22value_role%22%3A%22administrator%22%7D%5D&#8221; css=&#8221;.vc_custom_1716292526882{margin-top: 0px !important;padding-top: 0px !important;}&#8221;][vc_column][vc_custom_heading text=&#8221;&#8221; font_container=&#8221;tag:div|text_align:left&#8221; use_theme_fonts=&#8221;yes&#8221; css=&#8221;.vc_custom_1716292554676{padding-top: 40px !important;padding-bottom: 40px !important;}&#8221; el_class=&#8221;z-index-1 position-relative&#8221;][\/vc_column][\/vc_row][vc_row wrap_container=&#8221;yes&#8221; el_class=&#8221;my-lg-5 p-t-xl&#8221; conditional_render=&#8221;%5B%7B%22value_role%22%3A%22administrator%22%7D%5D&#8221;][vc_column width=&#8221;2\/3&#8243; conditional_render=&#8221;%5B%7B%22value_role%22%3A%22administrator%22%7D%5D&#8221;][vc_custom_heading text=&#8221;Mold design requires expertise in mechanical engineering and industrial design. Engineers must have solid knowledge of the materials used, manufacturing processes, and specific requirements of the parts [&hellip;]","og_url":"https:\/\/pandrim.md\/en\/mold-design\/","og_site_name":"Pandrim","article_publisher":"https:\/\/www.facebook.com\/pandrimsrl","article_modified_time":"2024-06-06T08:34:28+00:00","twitter_card":"summary_large_image","schema":{"@context":"https:\/\/schema.org","@graph":[{"@type":"WebPage","@id":"https:\/\/pandrim.md\/en\/mold-design\/","url":"https:\/\/pandrim.md\/en\/mold-design\/","name":"MOLD DESIGN - Pandrim","isPartOf":{"@id":"https:\/\/pandrim.md\/#website"},"datePublished":"2024-05-21T10:49:38+00:00","dateModified":"2024-06-06T08:34:28+00:00","breadcrumb":{"@id":"https:\/\/pandrim.md\/en\/mold-design\/#breadcrumb"},"inLanguage":"en-US","potentialAction":[{"@type":"ReadAction","target":["https:\/\/pandrim.md\/en\/mold-design\/"]}]},{"@type":"BreadcrumbList","@id":"https:\/\/pandrim.md\/en\/mold-design\/#breadcrumb","itemListElement":[{"@type":"ListItem","position":1,"name":"Prima pagin\u0103","item":"https:\/\/pandrim.md\/en\/"},{"@type":"ListItem","position":2,"name":"MOLD DESIGN"}]},{"@type":"WebSite","@id":"https:\/\/pandrim.md\/#website","url":"https:\/\/pandrim.md\/","name":"Pandrim, Injectare sub presiune, m\u0103cinare, granulare \u015fi reciclare a masei plastice","description":"Injectare sub presiune, m\u0103cinare, granulare \u015fi reciclare a masei plastice","publisher":{"@id":"https:\/\/pandrim.md\/#organization"},"potentialAction":[{"@type":"SearchAction","target":{"@type":"EntryPoint","urlTemplate":"https:\/\/pandrim.md\/?s={search_term_string}"},"query-input":"required name=search_term_string"}],"inLanguage":"en-US"},{"@type":"Organization","@id":"https:\/\/pandrim.md\/#organization","name":"Pandrim","url":"https:\/\/pandrim.md\/","logo":{"@type":"ImageObject","inLanguage":"en-US","@id":"https:\/\/pandrim.md\/#\/schema\/logo\/image\/","url":"https:\/\/pandrim.md\/wp-content\/uploads\/2020\/12\/pandrim_logo.png","contentUrl":"https:\/\/pandrim.md\/wp-content\/uploads\/2020\/12\/pandrim_logo.png","width":300,"height":103,"caption":"Pandrim"},"image":{"@id":"https:\/\/pandrim.md\/#\/schema\/logo\/image\/"},"sameAs":["https:\/\/www.facebook.com\/pandrimsrl"]}]}},"_links":{"self":[{"href":"https:\/\/pandrim.md\/en\/wp-json\/wp\/v2\/pages\/1222","targetHints":{"allow":["GET"]}}],"collection":[{"href":"https:\/\/pandrim.md\/en\/wp-json\/wp\/v2\/pages"}],"about":[{"href":"https:\/\/pandrim.md\/en\/wp-json\/wp\/v2\/types\/page"}],"author":[{"embeddable":true,"href":"https:\/\/pandrim.md\/en\/wp-json\/wp\/v2\/users\/1"}],"replies":[{"embeddable":true,"href":"https:\/\/pandrim.md\/en\/wp-json\/wp\/v2\/comments?post=1222"}],"version-history":[{"count":4,"href":"https:\/\/pandrim.md\/en\/wp-json\/wp\/v2\/pages\/1222\/revisions"}],"predecessor-version":[{"id":1299,"href":"https:\/\/pandrim.md\/en\/wp-json\/wp\/v2\/pages\/1222\/revisions\/1299"}],"wp:attachment":[{"href":"https:\/\/pandrim.md\/en\/wp-json\/wp\/v2\/media?parent=1222"}],"curies":[{"name":"wp","href":"https:\/\/api.w.org\/{rel}","templated":true}]}}