{"id":1226,"date":"2024-05-24T13:28:09","date_gmt":"2024-05-24T13:28:09","guid":{"rendered":"https:\/\/pandrim.md\/?page_id=1226"},"modified":"2024-06-06T12:27:32","modified_gmt":"2024-06-06T12:27:32","slug":"waste-recycling","status":"publish","type":"page","link":"https:\/\/pandrim.md\/en\/waste-recycling\/","title":{"rendered":"WASTE RECYCLING"},"content":{"rendered":"<div class=\"wpb-content-wrapper\"><p>[vc_row wrap_container=&#8221;yes&#8221; css=&#8221;.vc_custom_1716388851509{padding-top: 80px !important;padding-bottom: 60px !important;}&#8221; animation_type=&#8221;fadeInLeft&#8221; conditional_render=&#8221;%5B%7B%22value_role%22%3A%22administrator%22%7D%5D&#8221;][vc_column width=&#8221;1\/2&#8243; conditional_render=&#8221;%5B%7B%22value_role%22%3A%22administrator%22%7D%5D&#8221;][vc_custom_heading text=&#8221;We collect plastic packaging waste, foil, as well as other plastic waste.&#8221; font_container=&#8221;tag:h3|text_align:left|line_height:1.4&#8243; use_theme_fonts=&#8221;yes&#8221; css=&#8221;&#8221; text_transform=&#8221;text-uppercase&#8221; font_weight=&#8221;700&#8243; skin=&#8221;primary&#8221; animation_delay=&#8221;&#8221; el_class=&#8221;mb-3&#8243;][vc_custom_heading text=&#8221;PANDRIM &#8211; WASTE RECYCLING&#8221; font_container=&#8221;tag:h3|font_size:1.2em|text_align:left|line_height:42px&#8221; use_theme_fonts=&#8221;yes&#8221; css=&#8221;.vc_custom_1717676653748{margin-top: 3px !important;}&#8221; font_weight=&#8221;500&#8243; skin=&#8221;secondary&#8221; letter_spacing=&#8221;2.5px&#8221; animation_delay=&#8221;&#8221; el_class=&#8221;mb-0&#8243;][vc_custom_heading text=&#8221;Being oriented towards a circular economy, the main objective of the company is the recycling of waste and its reuse, contributing to reducing the dependence on new resources as well as reducing the impact of plastic waste on the environment.&#8221; font_container=&#8221;tag:p|font_size:1.4em|text_align:left|line_height:1.7&#8243; use_theme_fonts=&#8221;yes&#8221; css=&#8221;.vc_custom_1717676671020{margin-bottom: 37px !important;}&#8221; animation_delay=&#8221;&#8221; el_class=&#8221;custom-font1&#8243;][vc_custom_heading text=&#8221;The stages of the recycling process include:&#8221; font_container=&#8221;tag:p|font_size:1.4em|text_align:left|line_height:1.7&#8243; use_theme_fonts=&#8221;yes&#8221; css=&#8221;.vc_custom_1717676687548{margin-bottom: 37px !important;}&#8221; animation_delay=&#8221;&#8221; el_class=&#8221;custom-font1&#8243;]<div class=\"porto-process wpb_custom_bfbed82af8c6171e638ed07316da91fc\"><div class=\"process-step\" data-appear-animation=\"fadeInUp\" data-appear-animation-delay=\"200\"><div class=\"process-step-circle\"><strong class=\"process-step-circle-content\">1<\/strong><\/div><div class=\"process-step-content\"><h4 class=\"step-item-title\" style=\"color:#212529\">Collection of plastic waste<\/h4><div class=\"process-step-desc\">The process begins with the collection of plastic waste from various sources, such as used containers, packaging, or used parts.<\/div><\/div><\/div><div class=\"process-step\" data-appear-animation=\"fadeInUp\" data-appear-animation-delay=\"400\"><div class=\"process-step-circle\"><strong class=\"process-step-circle-content\">2<\/strong><\/div><div class=\"process-step-content\"><h4 class=\"step-item-title\" style=\"color:#212529\">Sorting and cleaning<\/h4><div class=\"process-step-desc\">Plastic waste is sorted and cleaned to remove impurities such as other unwanted materials or contaminants.<\/div><\/div><\/div><div class=\"process-step\" data-appear-animation=\"fadeInUp\" data-appear-animation-delay=\"600\"><div class=\"process-step-circle\"><strong class=\"process-step-circle-content\">3<\/strong><\/div><div class=\"process-step-content\"><h4 class=\"step-item-title\" style=\"color:#212529\">Shredding<\/h4><div class=\"process-step-desc\">The waste plastic is then shredded into small pieces or ground into flakes to prepare the material for melting.<\/div><\/div><\/div><div class=\"process-step\" data-appear-animation=\"fadeInUp\" data-appear-animation-delay=\"800\"><div class=\"process-step-circle\"><strong class=\"process-step-circle-content\">4<\/strong><\/div><div class=\"process-step-content\"><h4 class=\"step-item-title\" style=\"color:#212529\">Melting and extrusion<\/h4><div class=\"process-step-desc\">Shredded pieces or flakes of plastic are melted at high temperatures and then extruded through a die to form granules or thin threads.<\/div><\/div><\/div><div class=\"process-step\" data-appear-animation=\"fadeInUp\" data-appear-animation-delay=\"800\"><div class=\"process-step-circle\"><strong class=\"process-step-circle-content\">5<\/strong><\/div><div class=\"process-step-content\"><h4 class=\"step-item-title\" style=\"color:#212529\">Cooling and cutting<\/h4><div class=\"process-step-desc\">The obtained granules or threads are rapidly cooled to solidify the plastic, and then cut to the desired dimensions.<\/div><\/div><\/div><div class=\"process-step\" data-appear-animation=\"fadeInUp\" data-appear-animation-delay=\"800\"><div class=\"process-step-circle\"><strong class=\"process-step-circle-content\">6<\/strong><\/div><div class=\"process-step-content\"><h4 class=\"step-item-title\" style=\"color:#212529\">Packaging and distribution<\/h4><div class=\"process-step-desc\">The resulting granules are packed into bags or containers and are ready to be distributed to manufacturers who will use them to produce new plastic products.<\/div><\/div><\/div><\/div>[\/vc_column][vc_column width=&#8221;1\/2&#8243;][vc_single_image image=&#8221;988&#8243; img_size=&#8221;full&#8221; alignment=&#8221;center&#8221; style=&#8221;vc_box_circle_2&#8243; css=&#8221;&#8221; animation_type=&#8221;fadeInDown&#8221;][vc_single_image image=&#8221;978&#8243; img_size=&#8221;full&#8221; alignment=&#8221;center&#8221; style=&#8221;vc_box_circle_2&#8243; css=&#8221;&#8221; animation_type=&#8221;fadeInDown&#8221;][vc_single_image image=&#8221;986&#8243; img_size=&#8221;full&#8221; alignment=&#8221;center&#8221; style=&#8221;vc_box_shadow_circle_2&#8243; css=&#8221;&#8221; animation_type=&#8221;fadeInDown&#8221;][\/vc_column][\/vc_row][vc_row][vc_column]<div class=\"porto-block\" data-id=\"1300\"><style>.vc_custom_1716293728798{padding-top: 91px !important;padding-bottom: 91px !important;background-image: url(\/\/sw-themes.com\/porto_dummy\/wp-content\/uploads\/2020\/12\/industry-background-2.jpg?id=125) !important;background-position: center !important;background-repeat: no-repeat !important;background-size: cover !important;}<\/style>[vc_row wrap_container=\"yes\" content_placement=\"middle\" css=\".vc_custom_1716293728798{padding-top: 91px !important;padding-bottom: 91px !important;background-image: url(\/\/sw-themes.com\/porto_dummy\/wp-content\/uploads\/2020\/12\/industry-background-2.jpg?id=125) !important;background-position: center !important;background-repeat: no-repeat !important;background-size: cover !important;}\" el_class=\"overlay-primary position-relative\" conditional_render=\"%5B%7B%22value_role%22%3A%22administrator%22%7D%5D\"][vc_column width=\"2\/3\" el_class=\"mb-4 mb-lg-0 z-index-1\" offset=\"vc_col-md-9\" conditional_render=\"%5B%7B%22value_role%22%3A%22administrator%22%7D%5D\"][vc_custom_heading text=\"Request a price quote for your project!\" font_container=\"tag:h2|font_size:2.2em|text_align:left|line_height:1.3636\" use_theme_fonts=\"yes\" css=\"\" font_weight=\"700\" skin=\"light\" letter_spacing=\".10em\" el_class=\"mb-0\"][\/vc_column][vc_column offset=\"vc_col-md-3\"][vc_btn title=\"Contact Us\" style=\"modern\" size=\"lg\" align=\"left\" css=\"\" skin=\"light\" btn_fs=\"13.6px\" btn_fw=\"700\" animation_delay=\"900\" link=\"url:https%3A%2F%2Fpandrim.md%2Fen%2Fcontacts%2F|title:Contacte\" el_class=\"btn-triangle text-lg-end mb-0 z-index-1\"][\/vc_column][\/vc_row]<\/div>[\/vc_column][\/vc_row]<\/p>\n<\/div>","protected":false},"excerpt":{"rendered":"<p>[vc_row wrap_container=&#8221;yes&#8221; css=&#8221;.vc_custom_1716388851509{padding-top: 80px !important;padding-bottom: 60px !important;}&#8221; animation_type=&#8221;fadeInLeft&#8221; conditional_render=&#8221;%5B%7B%22value_role%22%3A%22administrator%22%7D%5D&#8221;][vc_column width=&#8221;1\/2&#8243; conditional_render=&#8221;%5B%7B%22value_role%22%3A%22administrator%22%7D%5D&#8221;][vc_custom_heading text=&#8221;We collect plastic packaging waste, foil, as well as other plastic waste.&#8221; font_container=&#8221;tag:h3|text_align:left|line_height:1.4&#8243; use_theme_fonts=&#8221;yes&#8221; css=&#8221;&#8221; text_transform=&#8221;text-uppercase&#8221; font_weight=&#8221;700&#8243; skin=&#8221;primary&#8221; animation_delay=&#8221;&#8221; el_class=&#8221;mb-3&#8243;][vc_custom_heading text=&#8221;PANDRIM &#8211; WASTE RECYCLING&#8221; font_container=&#8221;tag:h3|font_size:1.2em|text_align:left|line_height:42px&#8221; use_theme_fonts=&#8221;yes&#8221; css=&#8221;.vc_custom_1717676653748{margin-top: 3px !important;}&#8221; font_weight=&#8221;500&#8243; skin=&#8221;secondary&#8221; letter_spacing=&#8221;2.5px&#8221; animation_delay=&#8221;&#8221; el_class=&#8221;mb-0&#8243;][vc_custom_heading text=&#8221;Being oriented towards a circular economy, the main objective of [&hellip;]<\/p>\n","protected":false},"author":1,"featured_media":0,"parent":0,"menu_order":0,"comment_status":"closed","ping_status":"closed","template":"","meta":{"footnotes":""},"class_list":["post-1226","page","type-page","status-publish","hentry"],"yoast_head":"<!-- This site is optimized with the Yoast SEO plugin v22.8 - https:\/\/yoast.com\/wordpress\/plugins\/seo\/ -->\n<title>WASTE RECYCLING - Pandrim<\/title>\n<meta name=\"robots\" content=\"index, follow, max-snippet:-1, max-image-preview:large, max-video-preview:-1\" \/>\n<link rel=\"canonical\" href=\"https:\/\/pandrim.md\/en\/waste-recycling\/\" \/>\n<meta property=\"og:locale\" content=\"en_US\" \/>\n<meta property=\"og:type\" content=\"article\" \/>\n<meta property=\"og:title\" content=\"WASTE RECYCLING - Pandrim\" \/>\n<meta property=\"og:description\" content=\"[vc_row wrap_container=&#8221;yes&#8221; css=&#8221;.vc_custom_1716388851509{padding-top: 80px !important;padding-bottom: 60px !important;}&#8221; animation_type=&#8221;fadeInLeft&#8221; conditional_render=&#8221;%5B%7B%22value_role%22%3A%22administrator%22%7D%5D&#8221;][vc_column width=&#8221;1\/2&#8243; conditional_render=&#8221;%5B%7B%22value_role%22%3A%22administrator%22%7D%5D&#8221;][vc_custom_heading text=&#8221;We collect plastic packaging waste, foil, as well as other plastic waste.&#8221; font_container=&#8221;tag:h3|text_align:left|line_height:1.4&#8243; use_theme_fonts=&#8221;yes&#8221; css=&#8221;&#8221; text_transform=&#8221;text-uppercase&#8221; font_weight=&#8221;700&#8243; skin=&#8221;primary&#8221; animation_delay=&#8221;&#8221; el_class=&#8221;mb-3&#8243;][vc_custom_heading text=&#8221;PANDRIM &#8211; WASTE RECYCLING&#8221; font_container=&#8221;tag:h3|font_size:1.2em|text_align:left|line_height:42px&#8221; use_theme_fonts=&#8221;yes&#8221; css=&#8221;.vc_custom_1717676653748{margin-top: 3px !important;}&#8221; font_weight=&#8221;500&#8243; skin=&#8221;secondary&#8221; letter_spacing=&#8221;2.5px&#8221; animation_delay=&#8221;&#8221; el_class=&#8221;mb-0&#8243;][vc_custom_heading text=&#8221;Being oriented towards a circular economy, the main objective of [&hellip;]\" \/>\n<meta property=\"og:url\" content=\"https:\/\/pandrim.md\/en\/waste-recycling\/\" \/>\n<meta property=\"og:site_name\" content=\"Pandrim\" \/>\n<meta property=\"article:publisher\" content=\"https:\/\/www.facebook.com\/pandrimsrl\" \/>\n<meta property=\"article:modified_time\" content=\"2024-06-06T12:27:32+00:00\" \/>\n<meta name=\"twitter:card\" content=\"summary_large_image\" \/>\n<meta name=\"twitter:label1\" content=\"Est. reading time\" \/>\n\t<meta name=\"twitter:data1\" content=\"3 minutes\" \/>\n<script type=\"application\/ld+json\" class=\"yoast-schema-graph\">{\"@context\":\"https:\/\/schema.org\",\"@graph\":[{\"@type\":\"WebPage\",\"@id\":\"https:\/\/pandrim.md\/en\/waste-recycling\/\",\"url\":\"https:\/\/pandrim.md\/en\/waste-recycling\/\",\"name\":\"WASTE RECYCLING - Pandrim\",\"isPartOf\":{\"@id\":\"https:\/\/pandrim.md\/#website\"},\"datePublished\":\"2024-05-24T13:28:09+00:00\",\"dateModified\":\"2024-06-06T12:27:32+00:00\",\"breadcrumb\":{\"@id\":\"https:\/\/pandrim.md\/en\/waste-recycling\/#breadcrumb\"},\"inLanguage\":\"en-US\",\"potentialAction\":[{\"@type\":\"ReadAction\",\"target\":[\"https:\/\/pandrim.md\/en\/waste-recycling\/\"]}]},{\"@type\":\"BreadcrumbList\",\"@id\":\"https:\/\/pandrim.md\/en\/waste-recycling\/#breadcrumb\",\"itemListElement\":[{\"@type\":\"ListItem\",\"position\":1,\"name\":\"Prima pagin\u0103\",\"item\":\"https:\/\/pandrim.md\/en\/\"},{\"@type\":\"ListItem\",\"position\":2,\"name\":\"WASTE RECYCLING\"}]},{\"@type\":\"WebSite\",\"@id\":\"https:\/\/pandrim.md\/#website\",\"url\":\"https:\/\/pandrim.md\/\",\"name\":\"Pandrim, Injectare sub presiune, m\u0103cinare, granulare \u015fi reciclare a masei plastice\",\"description\":\"Injectare sub presiune, m\u0103cinare, granulare \u015fi reciclare a masei plastice\",\"publisher\":{\"@id\":\"https:\/\/pandrim.md\/#organization\"},\"potentialAction\":[{\"@type\":\"SearchAction\",\"target\":{\"@type\":\"EntryPoint\",\"urlTemplate\":\"https:\/\/pandrim.md\/?s={search_term_string}\"},\"query-input\":\"required name=search_term_string\"}],\"inLanguage\":\"en-US\"},{\"@type\":\"Organization\",\"@id\":\"https:\/\/pandrim.md\/#organization\",\"name\":\"Pandrim\",\"url\":\"https:\/\/pandrim.md\/\",\"logo\":{\"@type\":\"ImageObject\",\"inLanguage\":\"en-US\",\"@id\":\"https:\/\/pandrim.md\/#\/schema\/logo\/image\/\",\"url\":\"https:\/\/pandrim.md\/wp-content\/uploads\/2020\/12\/pandrim_logo.png\",\"contentUrl\":\"https:\/\/pandrim.md\/wp-content\/uploads\/2020\/12\/pandrim_logo.png\",\"width\":300,\"height\":103,\"caption\":\"Pandrim\"},\"image\":{\"@id\":\"https:\/\/pandrim.md\/#\/schema\/logo\/image\/\"},\"sameAs\":[\"https:\/\/www.facebook.com\/pandrimsrl\"]}]}<\/script>\n<!-- \/ Yoast SEO plugin. -->","yoast_head_json":{"title":"WASTE RECYCLING - Pandrim","robots":{"index":"index","follow":"follow","max-snippet":"max-snippet:-1","max-image-preview":"max-image-preview:large","max-video-preview":"max-video-preview:-1"},"canonical":"https:\/\/pandrim.md\/en\/waste-recycling\/","og_locale":"en_US","og_type":"article","og_title":"WASTE RECYCLING - Pandrim","og_description":"[vc_row wrap_container=&#8221;yes&#8221; css=&#8221;.vc_custom_1716388851509{padding-top: 80px !important;padding-bottom: 60px !important;}&#8221; animation_type=&#8221;fadeInLeft&#8221; conditional_render=&#8221;%5B%7B%22value_role%22%3A%22administrator%22%7D%5D&#8221;][vc_column width=&#8221;1\/2&#8243; conditional_render=&#8221;%5B%7B%22value_role%22%3A%22administrator%22%7D%5D&#8221;][vc_custom_heading text=&#8221;We collect plastic packaging waste, foil, as well as other plastic waste.&#8221; font_container=&#8221;tag:h3|text_align:left|line_height:1.4&#8243; use_theme_fonts=&#8221;yes&#8221; css=&#8221;&#8221; text_transform=&#8221;text-uppercase&#8221; font_weight=&#8221;700&#8243; skin=&#8221;primary&#8221; animation_delay=&#8221;&#8221; el_class=&#8221;mb-3&#8243;][vc_custom_heading text=&#8221;PANDRIM &#8211; WASTE RECYCLING&#8221; font_container=&#8221;tag:h3|font_size:1.2em|text_align:left|line_height:42px&#8221; use_theme_fonts=&#8221;yes&#8221; css=&#8221;.vc_custom_1717676653748{margin-top: 3px !important;}&#8221; font_weight=&#8221;500&#8243; skin=&#8221;secondary&#8221; letter_spacing=&#8221;2.5px&#8221; animation_delay=&#8221;&#8221; el_class=&#8221;mb-0&#8243;][vc_custom_heading text=&#8221;Being oriented towards a circular economy, the main objective of [&hellip;]","og_url":"https:\/\/pandrim.md\/en\/waste-recycling\/","og_site_name":"Pandrim","article_publisher":"https:\/\/www.facebook.com\/pandrimsrl","article_modified_time":"2024-06-06T12:27:32+00:00","twitter_card":"summary_large_image","twitter_misc":{"Est. reading time":"3 minutes"},"schema":{"@context":"https:\/\/schema.org","@graph":[{"@type":"WebPage","@id":"https:\/\/pandrim.md\/en\/waste-recycling\/","url":"https:\/\/pandrim.md\/en\/waste-recycling\/","name":"WASTE RECYCLING - Pandrim","isPartOf":{"@id":"https:\/\/pandrim.md\/#website"},"datePublished":"2024-05-24T13:28:09+00:00","dateModified":"2024-06-06T12:27:32+00:00","breadcrumb":{"@id":"https:\/\/pandrim.md\/en\/waste-recycling\/#breadcrumb"},"inLanguage":"en-US","potentialAction":[{"@type":"ReadAction","target":["https:\/\/pandrim.md\/en\/waste-recycling\/"]}]},{"@type":"BreadcrumbList","@id":"https:\/\/pandrim.md\/en\/waste-recycling\/#breadcrumb","itemListElement":[{"@type":"ListItem","position":1,"name":"Prima pagin\u0103","item":"https:\/\/pandrim.md\/en\/"},{"@type":"ListItem","position":2,"name":"WASTE RECYCLING"}]},{"@type":"WebSite","@id":"https:\/\/pandrim.md\/#website","url":"https:\/\/pandrim.md\/","name":"Pandrim, Injectare sub presiune, m\u0103cinare, granulare \u015fi reciclare a masei plastice","description":"Injectare sub presiune, m\u0103cinare, granulare \u015fi reciclare a masei plastice","publisher":{"@id":"https:\/\/pandrim.md\/#organization"},"potentialAction":[{"@type":"SearchAction","target":{"@type":"EntryPoint","urlTemplate":"https:\/\/pandrim.md\/?s={search_term_string}"},"query-input":"required name=search_term_string"}],"inLanguage":"en-US"},{"@type":"Organization","@id":"https:\/\/pandrim.md\/#organization","name":"Pandrim","url":"https:\/\/pandrim.md\/","logo":{"@type":"ImageObject","inLanguage":"en-US","@id":"https:\/\/pandrim.md\/#\/schema\/logo\/image\/","url":"https:\/\/pandrim.md\/wp-content\/uploads\/2020\/12\/pandrim_logo.png","contentUrl":"https:\/\/pandrim.md\/wp-content\/uploads\/2020\/12\/pandrim_logo.png","width":300,"height":103,"caption":"Pandrim"},"image":{"@id":"https:\/\/pandrim.md\/#\/schema\/logo\/image\/"},"sameAs":["https:\/\/www.facebook.com\/pandrimsrl"]}]}},"_links":{"self":[{"href":"https:\/\/pandrim.md\/en\/wp-json\/wp\/v2\/pages\/1226","targetHints":{"allow":["GET"]}}],"collection":[{"href":"https:\/\/pandrim.md\/en\/wp-json\/wp\/v2\/pages"}],"about":[{"href":"https:\/\/pandrim.md\/en\/wp-json\/wp\/v2\/types\/page"}],"author":[{"embeddable":true,"href":"https:\/\/pandrim.md\/en\/wp-json\/wp\/v2\/users\/1"}],"replies":[{"embeddable":true,"href":"https:\/\/pandrim.md\/en\/wp-json\/wp\/v2\/comments?post=1226"}],"version-history":[{"count":3,"href":"https:\/\/pandrim.md\/en\/wp-json\/wp\/v2\/pages\/1226\/revisions"}],"predecessor-version":[{"id":1310,"href":"https:\/\/pandrim.md\/en\/wp-json\/wp\/v2\/pages\/1226\/revisions\/1310"}],"wp:attachment":[{"href":"https:\/\/pandrim.md\/en\/wp-json\/wp\/v2\/media?parent=1226"}],"curies":[{"name":"wp","href":"https:\/\/api.w.org\/{rel}","templated":true}]}}